{"id":2439,"date":"2024-02-01T19:04:47","date_gmt":"2024-02-01T18:04:47","guid":{"rendered":"https:\/\/gamaartisancouteau.com\/?post_type=product&#038;p=2439"},"modified":"2024-07-02T18:07:33","modified_gmt":"2024-07-02T16:07:33","slug":"stage-couteau-fixe-forge-lame-carbone","status":"publish","type":"product","link":"https:\/\/gamaartisancouteau.com\/index.php\/produit\/stage-couteau-fixe-forge-lame-carbone\/","title":{"rendered":"Stage couteau fixe forg\u00e9"},"content":{"rendered":"","protected":false},"excerpt":{"rendered":"<p>Couteau fixe lame acier carbone forg\u00e9e<\/p>\n<p>But\u00a0: R\u00e9aliser un couteau de son choix<\/p>\n<p>avec un manche en olivier, en ch\u00eane \u00a0ou en buis.<\/p>\n<p>Dur\u00e9e\u00a0: 1 jour (entre 6 h et 8 h )<\/p>\n<p>Tarif\u00a0: 250 \u20ac<\/p>\n<p>Les th\u00e8mes travaill\u00e9s\u00a0:<\/p>\n<ul>\n<li>D\u00e9finition du projet.<\/li>\n<li>Mise en forme de la lame, trempage de la lame.<\/li>\n<li>Choix du bois et fa\u00e7onnage.<\/li>\n<li>Assemblage par rivetage du manche.<\/li>\n<li>Pon\u00e7age et finitions.<\/li>\n<\/ul>\n<p>&nbsp;<\/p>\n<p>&nbsp;<\/p>\n","protected":false},"featured_media":2731,"comment_status":"open","ping_status":"closed","template":"","meta":{"site-sidebar-layout":"default","site-content-layout":"","ast-site-content-layout":"default","site-content-style":"default","site-sidebar-style":"default","ast-global-header-display":"","ast-banner-title-visibility":"","ast-main-header-display":"","ast-hfb-above-header-display":"","ast-hfb-below-header-display":"","ast-hfb-mobile-header-display":"","site-post-title":"","ast-breadcrumbs-content":"","ast-featured-img":"","footer-sml-layout":"","theme-transparent-header-meta":"default","adv-header-id-meta":"","stick-header-meta":"","header-above-stick-meta":"","header-main-stick-meta":"","header-below-stick-meta":"","astra-migrate-meta-layouts":"set","ast-page-background-enabled":"default","ast-page-background-meta":{"desktop":{"background-color":"var(--ast-global-color-4)","background-image":"","background-repeat":"repeat","background-position":"center center","background-size":"auto","background-attachment":"scroll","background-type":"","background-media":"","overlay-type":"","overlay-color":"","overlay-opacity":"","overlay-gradient":""},"tablet":{"background-color":"","background-image":"","background-repeat":"repeat","background-position":"center center","background-size":"auto","background-attachment":"scroll","background-type":"","background-media":"","overlay-type":"","overlay-color":"","overlay-opacity":"","overlay-gradient":""},"mobile":{"background-color":"","background-image":"","background-repeat":"repeat","background-position":"center center","background-size":"auto","background-attachment":"scroll","background-type":"","background-media":"","overlay-type":"","overlay-color":"","overlay-opacity":"","overlay-gradient":""}},"ast-content-background-meta":{"desktop":{"background-color":"var(--ast-global-color-5)","background-image":"","background-repeat":"repeat","background-position":"center center","background-size":"auto","background-attachment":"scroll","background-type":"","background-media":"","overlay-type":"","overlay-color":"","overlay-opacity":"","overlay-gradient":""},"tablet":{"background-color":"var(--ast-global-color-5)","background-image":"","background-repeat":"repeat","background-position":"center center","background-size":"auto","background-attachment":"scroll","background-type":"","background-media":"","overlay-type":"","overlay-color":"","overlay-opacity":"","overlay-gradient":""},"mobile":{"background-color":"var(--ast-global-color-5)","background-image":"","background-repeat":"repeat","background-position":"center center","background-size":"auto","background-attachment":"scroll","background-type":"","background-media":"","overlay-type":"","overlay-color":"","overlay-opacity":"","overlay-gradient":""}}},"product_cat":[16],"product_tag":[],"yoast_head":"<!-- This site is optimized with the Yoast SEO plugin v24.1 - https:\/\/yoast.com\/wordpress\/plugins\/seo\/ -->\n<title>Stage couteau fixe forg\u00e9 - Gama Couteaux artisanaux<\/title>\n<meta name=\"description\" content=\"Venez r\u00e9aliser votre r\u00eave en une journ\u00e9e, vous vous mettrez dans la peau d&#039;un coutelier et vous repartirez avec votre propre couteau.\" \/>\n<meta name=\"robots\" content=\"index, follow, max-snippet:-1, max-image-preview:large, max-video-preview:-1\" \/>\n<link rel=\"canonical\" href=\"https:\/\/gamaartisancouteau.com\/index.php\/produit\/stage-couteau-fixe-forge-lame-carbone\/\" \/>\n<meta property=\"og:locale\" content=\"fr_FR\" \/>\n<meta property=\"og:type\" content=\"article\" \/>\n<meta property=\"og:title\" content=\"Stage couteau fixe forg\u00e9 - Gama Couteaux artisanaux\" \/>\n<meta property=\"og:description\" content=\"Venez r\u00e9aliser votre r\u00eave en une journ\u00e9e, vous vous mettrez dans la peau d&#039;un coutelier et vous repartirez avec votre propre couteau.\" \/>\n<meta property=\"og:url\" content=\"https:\/\/gamaartisancouteau.com\/index.php\/produit\/stage-couteau-fixe-forge-lame-carbone\/\" \/>\n<meta property=\"og:site_name\" content=\"Gama Couteaux artisanaux\" \/>\n<meta property=\"article:publisher\" content=\"https:\/\/www.facebook.com\/profile.php?id=100095020392073\" \/>\n<meta property=\"article:modified_time\" content=\"2024-07-02T16:07:33+00:00\" \/>\n<meta property=\"og:image\" content=\"http:\/\/gamaartisancouteau.com\/wp-content\/uploads\/2024\/02\/photo-stage.jpg\" \/>\n\t<meta property=\"og:image:width\" content=\"750\" \/>\n\t<meta property=\"og:image:height\" content=\"996\" \/>\n\t<meta property=\"og:image:type\" content=\"image\/jpeg\" \/>\n<meta name=\"twitter:card\" content=\"summary_large_image\" \/>\n<meta name=\"twitter:label1\" content=\"Dur\u00e9e de lecture estim\u00e9e\" \/>\n\t<meta name=\"twitter:data1\" content=\"1 minute\" \/>\n<script type=\"application\/ld+json\" class=\"yoast-schema-graph\">{\"@context\":\"https:\/\/schema.org\",\"@graph\":[{\"@type\":\"WebPage\",\"@id\":\"https:\/\/gamaartisancouteau.com\/index.php\/produit\/stage-couteau-fixe-forge-lame-carbone\/\",\"url\":\"https:\/\/gamaartisancouteau.com\/index.php\/produit\/stage-couteau-fixe-forge-lame-carbone\/\",\"name\":\"Stage couteau fixe forg\u00e9 - Gama Couteaux artisanaux\",\"isPartOf\":{\"@id\":\"https:\/\/gamaartisancouteau.com\/#website\"},\"primaryImageOfPage\":{\"@id\":\"https:\/\/gamaartisancouteau.com\/index.php\/produit\/stage-couteau-fixe-forge-lame-carbone\/#primaryimage\"},\"image\":{\"@id\":\"https:\/\/gamaartisancouteau.com\/index.php\/produit\/stage-couteau-fixe-forge-lame-carbone\/#primaryimage\"},\"thumbnailUrl\":\"https:\/\/gamaartisancouteau.com\/wp-content\/uploads\/2024\/02\/photo-stage.jpg\",\"datePublished\":\"2024-02-01T18:04:47+00:00\",\"dateModified\":\"2024-07-02T16:07:33+00:00\",\"description\":\"Venez r\u00e9aliser votre r\u00eave en une journ\u00e9e, vous vous mettrez dans la peau d'un coutelier et vous repartirez avec votre propre couteau.\",\"breadcrumb\":{\"@id\":\"https:\/\/gamaartisancouteau.com\/index.php\/produit\/stage-couteau-fixe-forge-lame-carbone\/#breadcrumb\"},\"inLanguage\":\"fr-FR\",\"potentialAction\":[{\"@type\":\"ReadAction\",\"target\":[\"https:\/\/gamaartisancouteau.com\/index.php\/produit\/stage-couteau-fixe-forge-lame-carbone\/\"]}]},{\"@type\":\"ImageObject\",\"inLanguage\":\"fr-FR\",\"@id\":\"https:\/\/gamaartisancouteau.com\/index.php\/produit\/stage-couteau-fixe-forge-lame-carbone\/#primaryimage\",\"url\":\"https:\/\/gamaartisancouteau.com\/wp-content\/uploads\/2024\/02\/photo-stage.jpg\",\"contentUrl\":\"https:\/\/gamaartisancouteau.com\/wp-content\/uploads\/2024\/02\/photo-stage.jpg\",\"width\":750,\"height\":996},{\"@type\":\"BreadcrumbList\",\"@id\":\"https:\/\/gamaartisancouteau.com\/index.php\/produit\/stage-couteau-fixe-forge-lame-carbone\/#breadcrumb\",\"itemListElement\":[{\"@type\":\"ListItem\",\"position\":1,\"name\":\"Accueil\",\"item\":\"https:\/\/gamaartisancouteau.com\/\"},{\"@type\":\"ListItem\",\"position\":2,\"name\":\"Ma boutique\",\"item\":\"https:\/\/gamaartisancouteau.com\/index.php\/magasin\/\"},{\"@type\":\"ListItem\",\"position\":3,\"name\":\"Stage couteau fixe forg\u00e9\"}]},{\"@type\":\"WebSite\",\"@id\":\"https:\/\/gamaartisancouteau.com\/#website\",\"url\":\"https:\/\/gamaartisancouteau.com\/\",\"name\":\"Gama Couteaux artisanaux\",\"description\":\"\",\"publisher\":{\"@id\":\"https:\/\/gamaartisancouteau.com\/#organization\"},\"potentialAction\":[{\"@type\":\"SearchAction\",\"target\":{\"@type\":\"EntryPoint\",\"urlTemplate\":\"https:\/\/gamaartisancouteau.com\/?s={search_term_string}\"},\"query-input\":{\"@type\":\"PropertyValueSpecification\",\"valueRequired\":true,\"valueName\":\"search_term_string\"}}],\"inLanguage\":\"fr-FR\"},{\"@type\":\"Organization\",\"@id\":\"https:\/\/gamaartisancouteau.com\/#organization\",\"name\":\"Gama Couteaux artisanaux\",\"url\":\"https:\/\/gamaartisancouteau.com\/\",\"logo\":{\"@type\":\"ImageObject\",\"inLanguage\":\"fr-FR\",\"@id\":\"https:\/\/gamaartisancouteau.com\/#\/schema\/logo\/image\/\",\"url\":\"https:\/\/gamaartisancouteau.com\/wp-content\/uploads\/2023\/11\/cropped-cropped-logo-noir.jpg\",\"contentUrl\":\"https:\/\/gamaartisancouteau.com\/wp-content\/uploads\/2023\/11\/cropped-cropped-logo-noir.jpg\",\"width\":106,\"height\":129,\"caption\":\"Gama Couteaux artisanaux\"},\"image\":{\"@id\":\"https:\/\/gamaartisancouteau.com\/#\/schema\/logo\/image\/\"},\"sameAs\":[\"https:\/\/www.facebook.com\/profile.php?id=100095020392073\",\"https:\/\/www.instagram.com\/gama_deco84\/\"]}]}<\/script>\n<!-- \/ Yoast SEO plugin. -->","yoast_head_json":{"title":"Stage couteau fixe forg\u00e9 - Gama Couteaux artisanaux","description":"Venez r\u00e9aliser votre r\u00eave en une journ\u00e9e, vous vous mettrez dans la peau d'un coutelier et vous repartirez avec votre propre couteau.","robots":{"index":"index","follow":"follow","max-snippet":"max-snippet:-1","max-image-preview":"max-image-preview:large","max-video-preview":"max-video-preview:-1"},"canonical":"https:\/\/gamaartisancouteau.com\/index.php\/produit\/stage-couteau-fixe-forge-lame-carbone\/","og_locale":"fr_FR","og_type":"article","og_title":"Stage couteau fixe forg\u00e9 - Gama Couteaux artisanaux","og_description":"Venez r\u00e9aliser votre r\u00eave en une journ\u00e9e, vous vous mettrez dans la peau d'un coutelier et vous repartirez avec votre propre couteau.","og_url":"https:\/\/gamaartisancouteau.com\/index.php\/produit\/stage-couteau-fixe-forge-lame-carbone\/","og_site_name":"Gama Couteaux artisanaux","article_publisher":"https:\/\/www.facebook.com\/profile.php?id=100095020392073","article_modified_time":"2024-07-02T16:07:33+00:00","og_image":[{"width":750,"height":996,"url":"http:\/\/gamaartisancouteau.com\/wp-content\/uploads\/2024\/02\/photo-stage.jpg","type":"image\/jpeg"}],"twitter_card":"summary_large_image","twitter_misc":{"Dur\u00e9e de lecture estim\u00e9e":"1 minute"},"schema":{"@context":"https:\/\/schema.org","@graph":[{"@type":"WebPage","@id":"https:\/\/gamaartisancouteau.com\/index.php\/produit\/stage-couteau-fixe-forge-lame-carbone\/","url":"https:\/\/gamaartisancouteau.com\/index.php\/produit\/stage-couteau-fixe-forge-lame-carbone\/","name":"Stage couteau fixe forg\u00e9 - Gama Couteaux artisanaux","isPartOf":{"@id":"https:\/\/gamaartisancouteau.com\/#website"},"primaryImageOfPage":{"@id":"https:\/\/gamaartisancouteau.com\/index.php\/produit\/stage-couteau-fixe-forge-lame-carbone\/#primaryimage"},"image":{"@id":"https:\/\/gamaartisancouteau.com\/index.php\/produit\/stage-couteau-fixe-forge-lame-carbone\/#primaryimage"},"thumbnailUrl":"https:\/\/gamaartisancouteau.com\/wp-content\/uploads\/2024\/02\/photo-stage.jpg","datePublished":"2024-02-01T18:04:47+00:00","dateModified":"2024-07-02T16:07:33+00:00","description":"Venez r\u00e9aliser votre r\u00eave en une journ\u00e9e, vous vous mettrez dans la peau d'un coutelier et vous repartirez avec votre propre couteau.","breadcrumb":{"@id":"https:\/\/gamaartisancouteau.com\/index.php\/produit\/stage-couteau-fixe-forge-lame-carbone\/#breadcrumb"},"inLanguage":"fr-FR","potentialAction":[{"@type":"ReadAction","target":["https:\/\/gamaartisancouteau.com\/index.php\/produit\/stage-couteau-fixe-forge-lame-carbone\/"]}]},{"@type":"ImageObject","inLanguage":"fr-FR","@id":"https:\/\/gamaartisancouteau.com\/index.php\/produit\/stage-couteau-fixe-forge-lame-carbone\/#primaryimage","url":"https:\/\/gamaartisancouteau.com\/wp-content\/uploads\/2024\/02\/photo-stage.jpg","contentUrl":"https:\/\/gamaartisancouteau.com\/wp-content\/uploads\/2024\/02\/photo-stage.jpg","width":750,"height":996},{"@type":"BreadcrumbList","@id":"https:\/\/gamaartisancouteau.com\/index.php\/produit\/stage-couteau-fixe-forge-lame-carbone\/#breadcrumb","itemListElement":[{"@type":"ListItem","position":1,"name":"Accueil","item":"https:\/\/gamaartisancouteau.com\/"},{"@type":"ListItem","position":2,"name":"Ma boutique","item":"https:\/\/gamaartisancouteau.com\/index.php\/magasin\/"},{"@type":"ListItem","position":3,"name":"Stage couteau fixe forg\u00e9"}]},{"@type":"WebSite","@id":"https:\/\/gamaartisancouteau.com\/#website","url":"https:\/\/gamaartisancouteau.com\/","name":"Gama Couteaux artisanaux","description":"","publisher":{"@id":"https:\/\/gamaartisancouteau.com\/#organization"},"potentialAction":[{"@type":"SearchAction","target":{"@type":"EntryPoint","urlTemplate":"https:\/\/gamaartisancouteau.com\/?s={search_term_string}"},"query-input":{"@type":"PropertyValueSpecification","valueRequired":true,"valueName":"search_term_string"}}],"inLanguage":"fr-FR"},{"@type":"Organization","@id":"https:\/\/gamaartisancouteau.com\/#organization","name":"Gama Couteaux artisanaux","url":"https:\/\/gamaartisancouteau.com\/","logo":{"@type":"ImageObject","inLanguage":"fr-FR","@id":"https:\/\/gamaartisancouteau.com\/#\/schema\/logo\/image\/","url":"https:\/\/gamaartisancouteau.com\/wp-content\/uploads\/2023\/11\/cropped-cropped-logo-noir.jpg","contentUrl":"https:\/\/gamaartisancouteau.com\/wp-content\/uploads\/2023\/11\/cropped-cropped-logo-noir.jpg","width":106,"height":129,"caption":"Gama Couteaux artisanaux"},"image":{"@id":"https:\/\/gamaartisancouteau.com\/#\/schema\/logo\/image\/"},"sameAs":["https:\/\/www.facebook.com\/profile.php?id=100095020392073","https:\/\/www.instagram.com\/gama_deco84\/"]}]}},"_links":{"self":[{"href":"https:\/\/gamaartisancouteau.com\/index.php\/wp-json\/wp\/v2\/product\/2439"}],"collection":[{"href":"https:\/\/gamaartisancouteau.com\/index.php\/wp-json\/wp\/v2\/product"}],"about":[{"href":"https:\/\/gamaartisancouteau.com\/index.php\/wp-json\/wp\/v2\/types\/product"}],"replies":[{"embeddable":true,"href":"https:\/\/gamaartisancouteau.com\/index.php\/wp-json\/wp\/v2\/comments?post=2439"}],"wp:featuredmedia":[{"embeddable":true,"href":"https:\/\/gamaartisancouteau.com\/index.php\/wp-json\/wp\/v2\/media\/2731"}],"wp:attachment":[{"href":"https:\/\/gamaartisancouteau.com\/index.php\/wp-json\/wp\/v2\/media?parent=2439"}],"wp:term":[{"taxonomy":"product_cat","embeddable":true,"href":"https:\/\/gamaartisancouteau.com\/index.php\/wp-json\/wp\/v2\/product_cat?post=2439"},{"taxonomy":"product_tag","embeddable":true,"href":"https:\/\/gamaartisancouteau.com\/index.php\/wp-json\/wp\/v2\/product_tag?post=2439"}],"curies":[{"name":"wp","href":"https:\/\/api.w.org\/{rel}","templated":true}]}}