{"id":2333,"date":"2024-01-27T12:17:44","date_gmt":"2024-01-27T11:17:44","guid":{"rendered":"https:\/\/gamaartisancouteau.com\/?post_type=product&#038;p=2333"},"modified":"2024-01-28T15:55:31","modified_gmt":"2024-01-28T14:55:31","slug":"couteau-de-chasse-en-olivier-avec-etui-fait-main","status":"publish","type":"product","link":"https:\/\/gamaartisancouteau.com\/index.php\/produit\/couteau-de-chasse-en-olivier-avec-etui-fait-main\/","title":{"rendered":"Couteau de chasse, lame forg\u00e9e avec \u00e9tui fait main"},"content":{"rendered":"","protected":false},"excerpt":{"rendered":"<p>Couteau de chasse avec son \u00e9tui fait main pour ceinture,la lame en acier carbone est forg\u00e9e, le manche est\u00a0\u00a0 en olivier.<\/p>\n<p>Longueur totale 22 cm<\/p>\n<p>Longueur lame 10 cm<\/p>\n<p>Largeur lame 2,5 cm<\/p>\n<p>Poids 132 gr<\/p>\n","protected":false},"featured_media":2339,"comment_status":"open","ping_status":"closed","template":"","meta":{"site-sidebar-layout":"default","site-content-layout":"","ast-site-content-layout":"default","site-content-style":"default","site-sidebar-style":"default","ast-global-header-display":"","ast-banner-title-visibility":"","ast-main-header-display":"","ast-hfb-above-header-display":"","ast-hfb-below-header-display":"","ast-hfb-mobile-header-display":"","site-post-title":"","ast-breadcrumbs-content":"","ast-featured-img":"","footer-sml-layout":"","theme-transparent-header-meta":"default","adv-header-id-meta":"","stick-header-meta":"","header-above-stick-meta":"","header-main-stick-meta":"","header-below-stick-meta":"","astra-migrate-meta-layouts":"set","ast-page-background-enabled":"default","ast-page-background-meta":{"desktop":{"background-color":"var(--ast-global-color-4)","background-image":"","background-repeat":"repeat","background-position":"center center","background-size":"auto","background-attachment":"scroll","background-type":"","background-media":"","overlay-type":"","overlay-color":"","overlay-opacity":"","overlay-gradient":""},"tablet":{"background-color":"","background-image":"","background-repeat":"repeat","background-position":"center center","background-size":"auto","background-attachment":"scroll","background-type":"","background-media":"","overlay-type":"","overlay-color":"","overlay-opacity":"","overlay-gradient":""},"mobile":{"background-color":"","background-image":"","background-repeat":"repeat","background-position":"center center","background-size":"auto","background-attachment":"scroll","background-type":"","background-media":"","overlay-type":"","overlay-color":"","overlay-opacity":"","overlay-gradient":""}},"ast-content-background-meta":{"desktop":{"background-color":"var(--ast-global-color-5)","background-image":"","background-repeat":"repeat","background-position":"center center","background-size":"auto","background-attachment":"scroll","background-type":"","background-media":"","overlay-type":"","overlay-color":"","overlay-opacity":"","overlay-gradient":""},"tablet":{"background-color":"var(--ast-global-color-5)","background-image":"","background-repeat":"repeat","background-position":"center center","background-size":"auto","background-attachment":"scroll","background-type":"","background-media":"","overlay-type":"","overlay-color":"","overlay-opacity":"","overlay-gradient":""},"mobile":{"background-color":"var(--ast-global-color-5)","background-image":"","background-repeat":"repeat","background-position":"center center","background-size":"auto","background-attachment":"scroll","background-type":"","background-media":"","overlay-type":"","overlay-color":"","overlay-opacity":"","overlay-gradient":""}}},"product_cat":[66],"product_tag":[],"yoast_head":"<!-- This site is optimized with the Yoast SEO plugin v24.1 - https:\/\/yoast.com\/wordpress\/plugins\/seo\/ -->\n<title>Couteau de chasse, lame forg\u00e9e avec \u00e9tui fait main - Gama Couteaux artisanaux<\/title>\n<meta name=\"robots\" content=\"index, follow, max-snippet:-1, max-image-preview:large, max-video-preview:-1\" \/>\n<link rel=\"canonical\" href=\"https:\/\/gamaartisancouteau.com\/index.php\/produit\/couteau-de-chasse-en-olivier-avec-etui-fait-main\/\" \/>\n<meta property=\"og:locale\" content=\"fr_FR\" \/>\n<meta property=\"og:type\" content=\"article\" \/>\n<meta property=\"og:title\" content=\"Couteau de chasse, lame forg\u00e9e avec \u00e9tui fait main - Gama Couteaux artisanaux\" \/>\n<meta property=\"og:description\" content=\"Couteau de chasse avec son \u00e9tui fait main pour ceinture,la lame en acier carbone est forg\u00e9e, le manche est\u00a0\u00a0 en olivier.  Longueur totale 22 cm  Longueur lame 10 cm  Largeur lame 2,5 cm  Poids 132 gr\" \/>\n<meta property=\"og:url\" content=\"https:\/\/gamaartisancouteau.com\/index.php\/produit\/couteau-de-chasse-en-olivier-avec-etui-fait-main\/\" \/>\n<meta property=\"og:site_name\" content=\"Gama Couteaux artisanaux\" \/>\n<meta property=\"article:publisher\" content=\"https:\/\/www.facebook.com\/profile.php?id=100095020392073\" \/>\n<meta property=\"article:modified_time\" content=\"2024-01-28T14:55:31+00:00\" \/>\n<meta property=\"og:image\" content=\"https:\/\/gamaartisancouteau.com\/wp-content\/uploads\/2024\/01\/420223864_316469324157401_6711651849736314676_n-e1706354011641.jpg\" \/>\n\t<meta property=\"og:image:width\" content=\"750\" \/>\n\t<meta property=\"og:image:height\" content=\"750\" \/>\n\t<meta property=\"og:image:type\" content=\"image\/jpeg\" \/>\n<meta name=\"twitter:card\" content=\"summary_large_image\" \/>\n<script type=\"application\/ld+json\" class=\"yoast-schema-graph\">{\"@context\":\"https:\/\/schema.org\",\"@graph\":[{\"@type\":\"WebPage\",\"@id\":\"https:\/\/gamaartisancouteau.com\/index.php\/produit\/couteau-de-chasse-en-olivier-avec-etui-fait-main\/\",\"url\":\"https:\/\/gamaartisancouteau.com\/index.php\/produit\/couteau-de-chasse-en-olivier-avec-etui-fait-main\/\",\"name\":\"Couteau de chasse, lame forg\u00e9e avec \u00e9tui fait main - Gama Couteaux artisanaux\",\"isPartOf\":{\"@id\":\"https:\/\/gamaartisancouteau.com\/#website\"},\"primaryImageOfPage\":{\"@id\":\"https:\/\/gamaartisancouteau.com\/index.php\/produit\/couteau-de-chasse-en-olivier-avec-etui-fait-main\/#primaryimage\"},\"image\":{\"@id\":\"https:\/\/gamaartisancouteau.com\/index.php\/produit\/couteau-de-chasse-en-olivier-avec-etui-fait-main\/#primaryimage\"},\"thumbnailUrl\":\"https:\/\/gamaartisancouteau.com\/wp-content\/uploads\/2024\/01\/420223864_316469324157401_6711651849736314676_n-e1706354011641.jpg\",\"datePublished\":\"2024-01-27T11:17:44+00:00\",\"dateModified\":\"2024-01-28T14:55:31+00:00\",\"breadcrumb\":{\"@id\":\"https:\/\/gamaartisancouteau.com\/index.php\/produit\/couteau-de-chasse-en-olivier-avec-etui-fait-main\/#breadcrumb\"},\"inLanguage\":\"fr-FR\",\"potentialAction\":[{\"@type\":\"ReadAction\",\"target\":[\"https:\/\/gamaartisancouteau.com\/index.php\/produit\/couteau-de-chasse-en-olivier-avec-etui-fait-main\/\"]}]},{\"@type\":\"ImageObject\",\"inLanguage\":\"fr-FR\",\"@id\":\"https:\/\/gamaartisancouteau.com\/index.php\/produit\/couteau-de-chasse-en-olivier-avec-etui-fait-main\/#primaryimage\",\"url\":\"https:\/\/gamaartisancouteau.com\/wp-content\/uploads\/2024\/01\/420223864_316469324157401_6711651849736314676_n-e1706354011641.jpg\",\"contentUrl\":\"https:\/\/gamaartisancouteau.com\/wp-content\/uploads\/2024\/01\/420223864_316469324157401_6711651849736314676_n-e1706354011641.jpg\",\"width\":750,\"height\":750},{\"@type\":\"BreadcrumbList\",\"@id\":\"https:\/\/gamaartisancouteau.com\/index.php\/produit\/couteau-de-chasse-en-olivier-avec-etui-fait-main\/#breadcrumb\",\"itemListElement\":[{\"@type\":\"ListItem\",\"position\":1,\"name\":\"Accueil\",\"item\":\"https:\/\/gamaartisancouteau.com\/\"},{\"@type\":\"ListItem\",\"position\":2,\"name\":\"Ma boutique\",\"item\":\"https:\/\/gamaartisancouteau.com\/index.php\/magasin\/\"},{\"@type\":\"ListItem\",\"position\":3,\"name\":\"Couteau de chasse, lame forg\u00e9e avec \u00e9tui fait main\"}]},{\"@type\":\"WebSite\",\"@id\":\"https:\/\/gamaartisancouteau.com\/#website\",\"url\":\"https:\/\/gamaartisancouteau.com\/\",\"name\":\"Gama Couteaux artisanaux\",\"description\":\"\",\"publisher\":{\"@id\":\"https:\/\/gamaartisancouteau.com\/#organization\"},\"potentialAction\":[{\"@type\":\"SearchAction\",\"target\":{\"@type\":\"EntryPoint\",\"urlTemplate\":\"https:\/\/gamaartisancouteau.com\/?s={search_term_string}\"},\"query-input\":{\"@type\":\"PropertyValueSpecification\",\"valueRequired\":true,\"valueName\":\"search_term_string\"}}],\"inLanguage\":\"fr-FR\"},{\"@type\":\"Organization\",\"@id\":\"https:\/\/gamaartisancouteau.com\/#organization\",\"name\":\"Gama Couteaux artisanaux\",\"url\":\"https:\/\/gamaartisancouteau.com\/\",\"logo\":{\"@type\":\"ImageObject\",\"inLanguage\":\"fr-FR\",\"@id\":\"https:\/\/gamaartisancouteau.com\/#\/schema\/logo\/image\/\",\"url\":\"https:\/\/gamaartisancouteau.com\/wp-content\/uploads\/2023\/11\/cropped-cropped-logo-noir.jpg\",\"contentUrl\":\"https:\/\/gamaartisancouteau.com\/wp-content\/uploads\/2023\/11\/cropped-cropped-logo-noir.jpg\",\"width\":106,\"height\":129,\"caption\":\"Gama Couteaux artisanaux\"},\"image\":{\"@id\":\"https:\/\/gamaartisancouteau.com\/#\/schema\/logo\/image\/\"},\"sameAs\":[\"https:\/\/www.facebook.com\/profile.php?id=100095020392073\",\"https:\/\/www.instagram.com\/gama_deco84\/\"]}]}<\/script>\n<!-- \/ Yoast SEO plugin. -->","yoast_head_json":{"title":"Couteau de chasse, lame forg\u00e9e avec \u00e9tui fait main - Gama Couteaux artisanaux","robots":{"index":"index","follow":"follow","max-snippet":"max-snippet:-1","max-image-preview":"max-image-preview:large","max-video-preview":"max-video-preview:-1"},"canonical":"https:\/\/gamaartisancouteau.com\/index.php\/produit\/couteau-de-chasse-en-olivier-avec-etui-fait-main\/","og_locale":"fr_FR","og_type":"article","og_title":"Couteau de chasse, lame forg\u00e9e avec \u00e9tui fait main - Gama Couteaux artisanaux","og_description":"Couteau de chasse avec son \u00e9tui fait main pour ceinture,la lame en acier carbone est forg\u00e9e, le manche est\u00a0\u00a0 en olivier.  Longueur totale 22 cm  Longueur lame 10 cm  Largeur lame 2,5 cm  Poids 132 gr","og_url":"https:\/\/gamaartisancouteau.com\/index.php\/produit\/couteau-de-chasse-en-olivier-avec-etui-fait-main\/","og_site_name":"Gama Couteaux artisanaux","article_publisher":"https:\/\/www.facebook.com\/profile.php?id=100095020392073","article_modified_time":"2024-01-28T14:55:31+00:00","og_image":[{"width":750,"height":750,"url":"https:\/\/gamaartisancouteau.com\/wp-content\/uploads\/2024\/01\/420223864_316469324157401_6711651849736314676_n-e1706354011641.jpg","type":"image\/jpeg"}],"twitter_card":"summary_large_image","schema":{"@context":"https:\/\/schema.org","@graph":[{"@type":"WebPage","@id":"https:\/\/gamaartisancouteau.com\/index.php\/produit\/couteau-de-chasse-en-olivier-avec-etui-fait-main\/","url":"https:\/\/gamaartisancouteau.com\/index.php\/produit\/couteau-de-chasse-en-olivier-avec-etui-fait-main\/","name":"Couteau de chasse, lame forg\u00e9e avec \u00e9tui fait main - Gama Couteaux artisanaux","isPartOf":{"@id":"https:\/\/gamaartisancouteau.com\/#website"},"primaryImageOfPage":{"@id":"https:\/\/gamaartisancouteau.com\/index.php\/produit\/couteau-de-chasse-en-olivier-avec-etui-fait-main\/#primaryimage"},"image":{"@id":"https:\/\/gamaartisancouteau.com\/index.php\/produit\/couteau-de-chasse-en-olivier-avec-etui-fait-main\/#primaryimage"},"thumbnailUrl":"https:\/\/gamaartisancouteau.com\/wp-content\/uploads\/2024\/01\/420223864_316469324157401_6711651849736314676_n-e1706354011641.jpg","datePublished":"2024-01-27T11:17:44+00:00","dateModified":"2024-01-28T14:55:31+00:00","breadcrumb":{"@id":"https:\/\/gamaartisancouteau.com\/index.php\/produit\/couteau-de-chasse-en-olivier-avec-etui-fait-main\/#breadcrumb"},"inLanguage":"fr-FR","potentialAction":[{"@type":"ReadAction","target":["https:\/\/gamaartisancouteau.com\/index.php\/produit\/couteau-de-chasse-en-olivier-avec-etui-fait-main\/"]}]},{"@type":"ImageObject","inLanguage":"fr-FR","@id":"https:\/\/gamaartisancouteau.com\/index.php\/produit\/couteau-de-chasse-en-olivier-avec-etui-fait-main\/#primaryimage","url":"https:\/\/gamaartisancouteau.com\/wp-content\/uploads\/2024\/01\/420223864_316469324157401_6711651849736314676_n-e1706354011641.jpg","contentUrl":"https:\/\/gamaartisancouteau.com\/wp-content\/uploads\/2024\/01\/420223864_316469324157401_6711651849736314676_n-e1706354011641.jpg","width":750,"height":750},{"@type":"BreadcrumbList","@id":"https:\/\/gamaartisancouteau.com\/index.php\/produit\/couteau-de-chasse-en-olivier-avec-etui-fait-main\/#breadcrumb","itemListElement":[{"@type":"ListItem","position":1,"name":"Accueil","item":"https:\/\/gamaartisancouteau.com\/"},{"@type":"ListItem","position":2,"name":"Ma boutique","item":"https:\/\/gamaartisancouteau.com\/index.php\/magasin\/"},{"@type":"ListItem","position":3,"name":"Couteau de chasse, lame forg\u00e9e avec \u00e9tui fait main"}]},{"@type":"WebSite","@id":"https:\/\/gamaartisancouteau.com\/#website","url":"https:\/\/gamaartisancouteau.com\/","name":"Gama Couteaux artisanaux","description":"","publisher":{"@id":"https:\/\/gamaartisancouteau.com\/#organization"},"potentialAction":[{"@type":"SearchAction","target":{"@type":"EntryPoint","urlTemplate":"https:\/\/gamaartisancouteau.com\/?s={search_term_string}"},"query-input":{"@type":"PropertyValueSpecification","valueRequired":true,"valueName":"search_term_string"}}],"inLanguage":"fr-FR"},{"@type":"Organization","@id":"https:\/\/gamaartisancouteau.com\/#organization","name":"Gama Couteaux artisanaux","url":"https:\/\/gamaartisancouteau.com\/","logo":{"@type":"ImageObject","inLanguage":"fr-FR","@id":"https:\/\/gamaartisancouteau.com\/#\/schema\/logo\/image\/","url":"https:\/\/gamaartisancouteau.com\/wp-content\/uploads\/2023\/11\/cropped-cropped-logo-noir.jpg","contentUrl":"https:\/\/gamaartisancouteau.com\/wp-content\/uploads\/2023\/11\/cropped-cropped-logo-noir.jpg","width":106,"height":129,"caption":"Gama Couteaux artisanaux"},"image":{"@id":"https:\/\/gamaartisancouteau.com\/#\/schema\/logo\/image\/"},"sameAs":["https:\/\/www.facebook.com\/profile.php?id=100095020392073","https:\/\/www.instagram.com\/gama_deco84\/"]}]}},"_links":{"self":[{"href":"https:\/\/gamaartisancouteau.com\/index.php\/wp-json\/wp\/v2\/product\/2333"}],"collection":[{"href":"https:\/\/gamaartisancouteau.com\/index.php\/wp-json\/wp\/v2\/product"}],"about":[{"href":"https:\/\/gamaartisancouteau.com\/index.php\/wp-json\/wp\/v2\/types\/product"}],"replies":[{"embeddable":true,"href":"https:\/\/gamaartisancouteau.com\/index.php\/wp-json\/wp\/v2\/comments?post=2333"}],"wp:featuredmedia":[{"embeddable":true,"href":"https:\/\/gamaartisancouteau.com\/index.php\/wp-json\/wp\/v2\/media\/2339"}],"wp:attachment":[{"href":"https:\/\/gamaartisancouteau.com\/index.php\/wp-json\/wp\/v2\/media?parent=2333"}],"wp:term":[{"taxonomy":"product_cat","embeddable":true,"href":"https:\/\/gamaartisancouteau.com\/index.php\/wp-json\/wp\/v2\/product_cat?post=2333"},{"taxonomy":"product_tag","embeddable":true,"href":"https:\/\/gamaartisancouteau.com\/index.php\/wp-json\/wp\/v2\/product_tag?post=2333"}],"curies":[{"name":"wp","href":"https:\/\/api.w.org\/{rel}","templated":true}]}}