{"id":357,"date":"2021-08-18T07:22:03","date_gmt":"2021-08-18T07:22:03","guid":{"rendered":"https:\/\/gamaartisancouteau.com\/index.php\/contact\/"},"modified":"2024-05-01T16:41:49","modified_gmt":"2024-05-01T14:41:49","slug":"contacts-newsletter","status":"publish","type":"page","link":"https:\/\/gamaartisancouteau.com\/index.php\/contacts-newsletter\/","title":{"rendered":"Contact"},"content":{"rendered":"\t\t<div data-elementor-type=\"wp-page\" data-elementor-id=\"357\" class=\"elementor elementor-357\">\n\t\t\t\t<div class=\"elementor-element elementor-element-14dd0ee e-flex e-con-boxed e-con e-parent\" data-id=\"14dd0ee\" data-element_type=\"container\">\n\t\t\t\t\t<div class=\"e-con-inner\">\n\t\t\t\t<div class=\"elementor-element elementor-element-4625c1a elementor-widget elementor-widget-heading\" data-id=\"4625c1a\" data-element_type=\"widget\" data-widget_type=\"heading.default\">\n\t\t\t\t<div class=\"elementor-widget-container\">\n\t\t\t\t\t<h1 class=\"elementor-heading-title elementor-size-default\">CONTACT<\/h1>\t\t\t\t<\/div>\n\t\t\t\t<\/div>\n\t\t\t\t\t<\/div>\n\t\t\t\t<\/div>\n\t\t<div class=\"elementor-element elementor-element-fa5f4c4 e-flex e-con-boxed e-con e-parent\" data-id=\"fa5f4c4\" data-element_type=\"container\">\n\t\t\t\t\t<div class=\"e-con-inner\">\n\t\t\t\t<div class=\"elementor-element elementor-element-314652a elementor-widget elementor-widget-shortcode\" data-id=\"314652a\" data-element_type=\"widget\" data-widget_type=\"shortcode.default\">\n\t\t\t\t<div class=\"elementor-widget-container\">\n\t\t\t\t\t\t\t<div class=\"elementor-shortcode\">  \n  \n  <div class=\"\n    mailpoet_form_popup_overlay\n      \"><\/div>\n  <div\n    id=\"mailpoet_form_1\"\n    class=\"\n      mailpoet_form\n      mailpoet_form_shortcode\n      mailpoet_form_position_\n      mailpoet_form_animation_\n    \"\n      >\n\n    <style type=\"text\/css\">\n     #mailpoet_form_1 .mailpoet_form {  }\n#mailpoet_form_1 form { margin-bottom: 0; }\n#mailpoet_form_1 .mailpoet_column_with_background { padding: 0px; }\n#mailpoet_form_1 .mailpoet_form_column:not(:first-child) { margin-left: 20px; }\n#mailpoet_form_1 h2.mailpoet-heading { margin: 0 0 12px 0; }\n#mailpoet_form_1 .mailpoet_paragraph { line-height: 20px; margin-bottom: 20px; }\n#mailpoet_form_1 .mailpoet_segment_label, #mailpoet_form_1 .mailpoet_text_label, #mailpoet_form_1 .mailpoet_textarea_label, #mailpoet_form_1 .mailpoet_select_label, #mailpoet_form_1 .mailpoet_radio_label, #mailpoet_form_1 .mailpoet_checkbox_label, #mailpoet_form_1 .mailpoet_list_label, #mailpoet_form_1 .mailpoet_date_label { display: block; font-weight: normal; }\n#mailpoet_form_1 .mailpoet_text, #mailpoet_form_1 .mailpoet_textarea, #mailpoet_form_1 .mailpoet_select, #mailpoet_form_1 .mailpoet_date_month, #mailpoet_form_1 .mailpoet_date_day, #mailpoet_form_1 .mailpoet_date_year, #mailpoet_form_1 .mailpoet_date { display: block; }\n#mailpoet_form_1 .mailpoet_text, #mailpoet_form_1 .mailpoet_textarea { width: 200px; }\n#mailpoet_form_1 .mailpoet_checkbox {  }\n#mailpoet_form_1 .mailpoet_submit {  }\n#mailpoet_form_1 .mailpoet_divider {  }\n#mailpoet_form_1 .mailpoet_message {  }\n#mailpoet_form_1 .mailpoet_form_loading { width: 30px; text-align: center; line-height: normal; }\n#mailpoet_form_1 .mailpoet_form_loading > span { width: 5px; height: 5px; background-color: #5b5b5b; }#mailpoet_form_1{border-radius: 3px;background: #000000;text-align: left;}#mailpoet_form_1 form.mailpoet_form {padding: 15px;}#mailpoet_form_1{width: 100%;}#mailpoet_form_1 .mailpoet_message {margin: 0; padding: 0 20px;}\n        #mailpoet_form_1 .mailpoet_validate_success {color: #00d084}\n        #mailpoet_form_1 input.parsley-success {color: #00d084}\n        #mailpoet_form_1 select.parsley-success {color: #00d084}\n        #mailpoet_form_1 textarea.parsley-success {color: #00d084}\n      \n        #mailpoet_form_1 .mailpoet_validate_error {color: #cf2e2e}\n        #mailpoet_form_1 input.parsley-error {color: #cf2e2e}\n        #mailpoet_form_1 select.parsley-error {color: #cf2e2e}\n        #mailpoet_form_1 textarea.textarea.parsley-error {color: #cf2e2e}\n        #mailpoet_form_1 .parsley-errors-list {color: #cf2e2e}\n        #mailpoet_form_1 .parsley-required {color: #cf2e2e}\n        #mailpoet_form_1 .parsley-custom-error-message {color: #cf2e2e}\n      #mailpoet_form_1 .mailpoet_paragraph.last {margin-bottom: 0} @media (max-width: 500px) {#mailpoet_form_1 {background: #000000;}} @media (min-width: 500px) {#mailpoet_form_1 .last .mailpoet_paragraph:last-child {margin-bottom: 0}}  @media (max-width: 500px) {#mailpoet_form_1 .mailpoet_form_column:last-child .mailpoet_paragraph:last-child {margin-bottom: 0}} \n    <\/style>\n\n    <form\n      target=\"_self\"\n      method=\"post\"\n      action=\"https:\/\/gamaartisancouteau.com\/wp-admin\/admin-post.php?action=mailpoet_subscription_form\"\n      class=\"mailpoet_form mailpoet_form_form mailpoet_form_shortcode\"\n      novalidate\n      data-delay=\"\"\n      data-exit-intent-enabled=\"\"\n      data-font-family=\"\"\n      data-cookie-expiration-time=\"\"\n    >\n      <input type=\"hidden\" name=\"data[form_id]\" value=\"1\" \/>\n      <input type=\"hidden\" name=\"token\" value=\"ef334ef0e6\" \/>\n      <input type=\"hidden\" name=\"api_version\" value=\"v1\" \/>\n      <input type=\"hidden\" name=\"endpoint\" value=\"subscribers\" \/>\n      <input type=\"hidden\" name=\"mailpoet_method\" value=\"subscribe\" \/>\n\n      <label class=\"mailpoet_hp_email_label\" style=\"display: none !important;\">Veuillez laisser ce champ vide<input type=\"email\" name=\"data[email]\"\/><\/label><div class='mailpoet_spacer' style='height: 1px;'><\/div>\n<div class=\"mailpoet_form_image\"><figure class=\"size-large aligncenter\"><img decoding=\"async\" src=\"https:\/\/ps.w.org\/mailpoet\/assets\/form-templates\/template-11\/soundicon.png\" alt width=68 height=69 style=\"width: 68px;height: 69px\"><\/figure><\/div>\n<div class='mailpoet_spacer' style='height: 1px;'><\/div>\n<h2 class=\"mailpoet-heading  mailpoet-has-font-size\" style=\"text-align: center; color: #ffffff; font-size: 20px\"><span style=\"font-family: Fira Sans\" data-font=\"Fira Sans\" class=\"mailpoet-has-font\"><strong>Ne manquez pas une occasion<\/strong><\/span><\/h2>\n<p class=\"mailpoet_form_paragraph  mailpoet-has-font-size\" style=\"text-align: center; color: #ffffff; font-size: 13px\"><span style=\"font-family: Fira Sans\" data-font=\"Fira Sans\" class=\"mailpoet-has-font\"><strong><mark style=\"color:#01d386\" class=\"has-inline-color\"><\/mark><\/strong><\/span><\/p>\n<div class=\"mailpoet_paragraph \"><style>input[name=\"data[form_field_MGRmMGQ3ZWQ4ZThjX2VtYWls]\"]::placeholder{color:#4c537e;opacity: 1;}<\/style><input type=\"email\" autocomplete=\"email\" class=\"mailpoet_text\" id=\"form_email_1\" name=\"data[form_field_MGRmMGQ3ZWQ4ZThjX2VtYWls]\" title=\"contact@gamaartisancouteau.com\" value=\"\" style=\"width:100%;box-sizing:border-box;background-color:#ffffff;border-style:solid;border-radius:2px !important;border-width:0px;border-color:#313131;padding:10px;margin: 0 auto 0 0;font-family:&#039;Fira Sans&#039;;font-size:;line-height:1.5;height:auto;color:#4c537e;\" data-automation-id=\"form_email\"  placeholder=\"contact@gamaartisancouteau.com *\" aria-label=\"contact@gamaartisancouteau.com *\" data-parsley-errors-container=\".mailpoet_error_1bm2s\" data-parsley-required=\"true\" required aria-required=\"true\" data-parsley-minlength=\"6\" data-parsley-maxlength=\"150\" data-parsley-type-message=\"Cette valeur doit \u00eatre un e-mail valide.\" data-parsley-required-message=\"Ce champ est n\u00e9cessaire.\"\/><span class=\"mailpoet_error_1bm2s\"><\/span><\/div>\n<div class=\"mailpoet_paragraph \"><input type=\"submit\" class=\"mailpoet_submit\" value=\"Rejoignez la liste\" data-automation-id=\"subscribe-submit-button\" data-font-family='Fira Sans' style=\"width:100%;box-sizing:border-box;background-color:#4c537e;border-style:solid;border-radius:2px !important;border-width:0px;border-color:#313131;padding:10px;margin: 0 auto 0 0;font-family:&#039;Fira Sans&#039;;font-size:15px;line-height:1.5;height:auto;color:#ffffff;\" \/><span class=\"mailpoet_form_loading\"><span class=\"mailpoet_bounce1\"><\/span><span class=\"mailpoet_bounce2\"><\/span><span class=\"mailpoet_bounce3\"><\/span><\/span><\/div>\n<p class=\"mailpoet_form_paragraph  mailpoet-has-font-size\" style=\"text-align: center; color: #ffffff; font-size: 13px\"><span style=\"font-family: Fira Sans\" data-font=\"Fira Sans\" class=\"mailpoet-has-font\">Nous ne spammons pas\u00a0! Consultez notre <a target=\"_blank\" href=\"https:\/\/gamaartisancouteau.com\/index.php\/politique-de-confidentialite\/\">politique de confidentialit\u00e9<\/a> pour plus d\u2019informations.<\/span><\/p>\n\n      <div class=\"mailpoet_message\">\n        <p class=\"mailpoet_validate_success\"\n                style=\"display:none;\"\n                >Vous vous \u00eates bien abonn\u00e9\u00b7e \u00e0 notre newsletter\u00a0!\n        <\/p>\n        <p class=\"mailpoet_validate_error\"\n                style=\"display:none;\"\n                >        <\/p>\n      <\/div>\n    <\/form>\n\n      <\/div>\n\n  <\/div>\n\t\t\t\t\t\t<\/div>\n\t\t\t\t<\/div>\n\t\t\t\t<div class=\"elementor-element elementor-element-af4a5f9 elementor-widget elementor-widget-text-editor\" data-id=\"af4a5f9\" data-element_type=\"widget\" data-widget_type=\"text-editor.default\">\n\t\t\t\t<div class=\"elementor-widget-container\">\n\t\t\t\t\t\t\t\t\t<p>Formulaire de contact<\/p>\t\t\t\t\t\t\t\t<\/div>\n\t\t\t\t<\/div>\n\t\t\t\t\t<\/div>\n\t\t\t\t<\/div>\n\t\t<div class=\"elementor-element elementor-element-6c2c287 e-flex e-con-boxed e-con e-parent\" data-id=\"6c2c287\" data-element_type=\"container\">\n\t\t\t\t\t<div class=\"e-con-inner\">\n\t\t\t\t<div class=\"elementor-element elementor-element-2bd7c46 elementor-widget elementor-widget-wpforms\" data-id=\"2bd7c46\" data-element_type=\"widget\" data-widget_type=\"wpforms.default\">\n\t\t\t\t<div class=\"elementor-widget-container\">\n\t\t\t\t\t<div class=\"wpforms-container \" id=\"wpforms-1794\"><form id=\"wpforms-form-1794\" class=\"wpforms-validate wpforms-form wpforms-ajax-form\" data-formid=\"1794\" method=\"post\" enctype=\"multipart\/form-data\" action=\"\/index.php\/wp-json\/wp\/v2\/pages\/357\" data-token=\"98fb6776e570fb79eee62b71eb7146fa\" data-token-time=\"1776257555\"><noscript class=\"wpforms-error-noscript\">Veuillez activer JavaScript dans votre navigateur pour remplir ce formulaire.<\/noscript><div class=\"wpforms-field-container\"><div id=\"wpforms-1794-field_1-container\" class=\"wpforms-field wpforms-field-name\" data-field-id=\"1\"><label class=\"wpforms-field-label\">NOM <span class=\"wpforms-required-label\">*<\/span><\/label><div class=\"wpforms-field-row wpforms-field-medium\"><div class=\"wpforms-field-row-block wpforms-first wpforms-one-half\"><input type=\"text\" id=\"wpforms-1794-field_1\" class=\"wpforms-field-name-first wpforms-field-required\" name=\"wpforms[fields][1][first]\" required><label for=\"wpforms-1794-field_1\" class=\"wpforms-field-sublabel after\">Pr\u00e9nom<\/label><\/div><div class=\"wpforms-field-row-block wpforms-one-half\"><input type=\"text\" id=\"wpforms-1794-field_1-last\" class=\"wpforms-field-name-last wpforms-field-required\" name=\"wpforms[fields][1][last]\" required><label for=\"wpforms-1794-field_1-last\" class=\"wpforms-field-sublabel after\">Nom<\/label><\/div><\/div><\/div><div id=\"wpforms-1794-field_2-container\" class=\"wpforms-field wpforms-field-email\" data-field-id=\"2\"><label class=\"wpforms-field-label\" for=\"wpforms-1794-field_2\">Email <span class=\"wpforms-required-label\">*<\/span><\/label><input type=\"email\" id=\"wpforms-1794-field_2\" class=\"wpforms-field-medium wpforms-field-required\" name=\"wpforms[fields][2]\" spellcheck=\"false\" required><\/div><div id=\"wpforms-1794-field_3-container\" class=\"wpforms-field wpforms-field-text\" data-field-id=\"3\"><label class=\"wpforms-field-label\" for=\"wpforms-1794-field_3\">T\u00e9l\u00e9phone<\/label><input type=\"text\" id=\"wpforms-1794-field_3\" class=\"wpforms-field-medium\" name=\"wpforms[fields][3]\" ><\/div><div id=\"wpforms-1794-field_10-container\" class=\"wpforms-field wpforms-field-textarea\" data-field-id=\"10\"><label class=\"wpforms-field-label\" for=\"wpforms-1794-field_10\">Paragraphe<\/label><textarea id=\"wpforms-1794-field_10\" class=\"wpforms-field-medium\" name=\"wpforms[fields][10]\" ><\/textarea><\/div><\/div><!-- .wpforms-field-container --><div class=\"wpforms-submit-container\" ><input type=\"hidden\" name=\"wpforms[id]\" value=\"1794\"><input type=\"hidden\" name=\"page_title\" value=\"\"><input type=\"hidden\" name=\"page_url\" value=\"https:\/\/gamaartisancouteau.com\/index.php\/wp-json\/wp\/v2\/pages\/357\"><input type=\"hidden\" name=\"url_referer\" value=\"\"><button type=\"submit\" name=\"wpforms[submit]\" id=\"wpforms-submit-1794\" class=\"wpforms-submit\" data-alt-text=\"Sending...\" data-submit-text=\"Soumettre\" aria-live=\"assertive\" value=\"wpforms-submit\">Soumettre<\/button><img decoding=\"async\" src=\"https:\/\/gamaartisancouteau.com\/wp-content\/plugins\/wpforms-lite\/assets\/images\/submit-spin.svg\" class=\"wpforms-submit-spinner\" style=\"display: none;\" width=\"26\" height=\"26\" alt=\"Chargement en cours\"><\/div><\/form><\/div>  <!-- .wpforms-container -->\t\t\t\t<\/div>\n\t\t\t\t<\/div>\n\t\t\t\t\t<\/div>\n\t\t\t\t<\/div>\n\t\t\t\t<\/div>\n\t\t","protected":false},"excerpt":{"rendered":"<p>CONTACT Formulaire de contact Veuillez activer JavaScript dans votre navigateur pour remplir ce formulaire.NOM *Pr\u00e9nomNomEmail *T\u00e9l\u00e9phoneParagraphe Soumettre<\/p>\n","protected":false},"author":1,"featured_media":0,"parent":0,"menu_order":0,"comment_status":"closed","ping_status":"closed","template":"","meta":{"site-sidebar-layout":"no-sidebar","site-content-layout":"page-builder","ast-site-content-layout":"full-width-container","site-content-style":"unboxed","site-sidebar-style":"unboxed","ast-global-header-display":"","ast-banner-title-visibility":"","ast-main-header-display":"","ast-hfb-above-header-display":"","ast-hfb-below-header-display":"","ast-hfb-mobile-header-display":"","site-post-title":"disabled","ast-breadcrumbs-content":"disabled","ast-featured-img":"disabled","footer-sml-layout":"","theme-transparent-header-meta":"enabled","adv-header-id-meta":"","stick-header-meta":"","header-above-stick-meta":"","header-main-stick-meta":"","header-below-stick-meta":"","astra-migrate-meta-layouts":"set","ast-page-background-enabled":"default","ast-page-background-meta":{"desktop":{"background-color":"var(--ast-global-color-4)","background-image":"","background-repeat":"repeat","background-position":"center center","background-size":"auto","background-attachment":"scroll","background-type":"","background-media":"","overlay-type":"","overlay-color":"","overlay-opacity":"","overlay-gradient":""},"tablet":{"background-color":"","background-image":"","background-repeat":"repeat","background-position":"center center","background-size":"auto","background-attachment":"scroll","background-type":"","background-media":"","overlay-type":"","overlay-color":"","overlay-opacity":"","overlay-gradient":""},"mobile":{"background-color":"","background-image":"","background-repeat":"repeat","background-position":"center center","background-size":"auto","background-attachment":"scroll","background-type":"","background-media":"","overlay-type":"","overlay-color":"","overlay-opacity":"","overlay-gradient":""}},"ast-content-background-meta":{"desktop":{"background-color":"var(--ast-global-color-5)","background-image":"","background-repeat":"repeat","background-position":"center center","background-size":"auto","background-attachment":"scroll","background-type":"","background-media":"","overlay-type":"","overlay-color":"","overlay-opacity":"","overlay-gradient":""},"tablet":{"background-color":"var(--ast-global-color-5)","background-image":"","background-repeat":"repeat","background-position":"center center","background-size":"auto","background-attachment":"scroll","background-type":"","background-media":"","overlay-type":"","overlay-color":"","overlay-opacity":"","overlay-gradient":""},"mobile":{"background-color":"var(--ast-global-color-5)","background-image":"","background-repeat":"repeat","background-position":"center center","background-size":"auto","background-attachment":"scroll","background-type":"","background-media":"","overlay-type":"","overlay-color":"","overlay-opacity":"","overlay-gradient":""}},"footnotes":""},"yoast_head":"<!-- This site is optimized with the Yoast SEO plugin v24.1 - https:\/\/yoast.com\/wordpress\/plugins\/seo\/ -->\n<title>Contact - Gama Couteaux artisanaux<\/title>\n<meta name=\"description\" content=\"Vous trouverez dans cette page tous nos contacts , vous aurez la possibilit\u00e9 de vous abonner \u00e0 notre newsletter.\" \/>\n<meta name=\"robots\" content=\"index, follow, max-snippet:-1, max-image-preview:large, max-video-preview:-1\" \/>\n<link rel=\"canonical\" href=\"https:\/\/gamaartisancouteau.com\/index.php\/contacts-newsletter\/\" \/>\n<meta property=\"og:locale\" content=\"fr_FR\" \/>\n<meta property=\"og:type\" content=\"article\" \/>\n<meta property=\"og:title\" content=\"Contact - Gama Couteaux artisanaux\" \/>\n<meta property=\"og:description\" content=\"Vous trouverez dans cette page tous nos contacts , vous aurez la possibilit\u00e9 de vous abonner \u00e0 notre newsletter.\" \/>\n<meta property=\"og:url\" content=\"https:\/\/gamaartisancouteau.com\/index.php\/contacts-newsletter\/\" \/>\n<meta property=\"og:site_name\" content=\"Gama Couteaux artisanaux\" \/>\n<meta property=\"article:publisher\" content=\"https:\/\/www.facebook.com\/profile.php?id=100095020392073\" \/>\n<meta property=\"article:modified_time\" content=\"2024-05-01T14:41:49+00:00\" \/>\n<meta property=\"og:image\" content=\"https:\/\/gamaartisancouteau.com\/wp-content\/plugins\/wpforms-lite\/assets\/images\/submit-spin.svg\" \/>\n<meta name=\"twitter:card\" content=\"summary_large_image\" \/>\n<meta name=\"twitter:label1\" content=\"Dur\u00e9e de lecture estim\u00e9e\" \/>\n\t<meta name=\"twitter:data1\" content=\"1 minute\" \/>\n<script type=\"application\/ld+json\" class=\"yoast-schema-graph\">{\"@context\":\"https:\/\/schema.org\",\"@graph\":[{\"@type\":\"WebPage\",\"@id\":\"https:\/\/gamaartisancouteau.com\/index.php\/contacts-newsletter\/\",\"url\":\"https:\/\/gamaartisancouteau.com\/index.php\/contacts-newsletter\/\",\"name\":\"Contact - Gama Couteaux artisanaux\",\"isPartOf\":{\"@id\":\"https:\/\/gamaartisancouteau.com\/#website\"},\"primaryImageOfPage\":{\"@id\":\"https:\/\/gamaartisancouteau.com\/index.php\/contacts-newsletter\/#primaryimage\"},\"image\":{\"@id\":\"https:\/\/gamaartisancouteau.com\/index.php\/contacts-newsletter\/#primaryimage\"},\"thumbnailUrl\":\"https:\/\/gamaartisancouteau.com\/wp-content\/plugins\/wpforms-lite\/assets\/images\/submit-spin.svg\",\"datePublished\":\"2021-08-18T07:22:03+00:00\",\"dateModified\":\"2024-05-01T14:41:49+00:00\",\"description\":\"Vous trouverez dans cette page tous nos contacts , vous aurez la possibilit\u00e9 de vous abonner \u00e0 notre newsletter.\",\"breadcrumb\":{\"@id\":\"https:\/\/gamaartisancouteau.com\/index.php\/contacts-newsletter\/#breadcrumb\"},\"inLanguage\":\"fr-FR\",\"potentialAction\":[{\"@type\":\"ReadAction\",\"target\":[\"https:\/\/gamaartisancouteau.com\/index.php\/contacts-newsletter\/\"]}]},{\"@type\":\"ImageObject\",\"inLanguage\":\"fr-FR\",\"@id\":\"https:\/\/gamaartisancouteau.com\/index.php\/contacts-newsletter\/#primaryimage\",\"url\":\"https:\/\/gamaartisancouteau.com\/wp-content\/plugins\/wpforms-lite\/assets\/images\/submit-spin.svg\",\"contentUrl\":\"https:\/\/gamaartisancouteau.com\/wp-content\/plugins\/wpforms-lite\/assets\/images\/submit-spin.svg\"},{\"@type\":\"BreadcrumbList\",\"@id\":\"https:\/\/gamaartisancouteau.com\/index.php\/contacts-newsletter\/#breadcrumb\",\"itemListElement\":[{\"@type\":\"ListItem\",\"position\":1,\"name\":\"Accueil\",\"item\":\"https:\/\/gamaartisancouteau.com\/\"},{\"@type\":\"ListItem\",\"position\":2,\"name\":\"Contact\"}]},{\"@type\":\"WebSite\",\"@id\":\"https:\/\/gamaartisancouteau.com\/#website\",\"url\":\"https:\/\/gamaartisancouteau.com\/\",\"name\":\"Gama Couteaux artisanaux\",\"description\":\"\",\"publisher\":{\"@id\":\"https:\/\/gamaartisancouteau.com\/#organization\"},\"potentialAction\":[{\"@type\":\"SearchAction\",\"target\":{\"@type\":\"EntryPoint\",\"urlTemplate\":\"https:\/\/gamaartisancouteau.com\/?s={search_term_string}\"},\"query-input\":{\"@type\":\"PropertyValueSpecification\",\"valueRequired\":true,\"valueName\":\"search_term_string\"}}],\"inLanguage\":\"fr-FR\"},{\"@type\":\"Organization\",\"@id\":\"https:\/\/gamaartisancouteau.com\/#organization\",\"name\":\"Gama Couteaux artisanaux\",\"url\":\"https:\/\/gamaartisancouteau.com\/\",\"logo\":{\"@type\":\"ImageObject\",\"inLanguage\":\"fr-FR\",\"@id\":\"https:\/\/gamaartisancouteau.com\/#\/schema\/logo\/image\/\",\"url\":\"https:\/\/gamaartisancouteau.com\/wp-content\/uploads\/2023\/11\/cropped-cropped-logo-noir.jpg\",\"contentUrl\":\"https:\/\/gamaartisancouteau.com\/wp-content\/uploads\/2023\/11\/cropped-cropped-logo-noir.jpg\",\"width\":106,\"height\":129,\"caption\":\"Gama Couteaux artisanaux\"},\"image\":{\"@id\":\"https:\/\/gamaartisancouteau.com\/#\/schema\/logo\/image\/\"},\"sameAs\":[\"https:\/\/www.facebook.com\/profile.php?id=100095020392073\",\"https:\/\/www.instagram.com\/gama_deco84\/\"]}]}<\/script>\n<!-- \/ Yoast SEO plugin. -->","yoast_head_json":{"title":"Contact - Gama Couteaux artisanaux","description":"Vous trouverez dans cette page tous nos contacts , vous aurez la possibilit\u00e9 de vous abonner \u00e0 notre newsletter.","robots":{"index":"index","follow":"follow","max-snippet":"max-snippet:-1","max-image-preview":"max-image-preview:large","max-video-preview":"max-video-preview:-1"},"canonical":"https:\/\/gamaartisancouteau.com\/index.php\/contacts-newsletter\/","og_locale":"fr_FR","og_type":"article","og_title":"Contact - Gama Couteaux artisanaux","og_description":"Vous trouverez dans cette page tous nos contacts , vous aurez la possibilit\u00e9 de vous abonner \u00e0 notre newsletter.","og_url":"https:\/\/gamaartisancouteau.com\/index.php\/contacts-newsletter\/","og_site_name":"Gama Couteaux artisanaux","article_publisher":"https:\/\/www.facebook.com\/profile.php?id=100095020392073","article_modified_time":"2024-05-01T14:41:49+00:00","og_image":[{"url":"https:\/\/gamaartisancouteau.com\/wp-content\/plugins\/wpforms-lite\/assets\/images\/submit-spin.svg","type":"","width":"","height":""}],"twitter_card":"summary_large_image","twitter_misc":{"Dur\u00e9e de lecture estim\u00e9e":"1 minute"},"schema":{"@context":"https:\/\/schema.org","@graph":[{"@type":"WebPage","@id":"https:\/\/gamaartisancouteau.com\/index.php\/contacts-newsletter\/","url":"https:\/\/gamaartisancouteau.com\/index.php\/contacts-newsletter\/","name":"Contact - Gama Couteaux artisanaux","isPartOf":{"@id":"https:\/\/gamaartisancouteau.com\/#website"},"primaryImageOfPage":{"@id":"https:\/\/gamaartisancouteau.com\/index.php\/contacts-newsletter\/#primaryimage"},"image":{"@id":"https:\/\/gamaartisancouteau.com\/index.php\/contacts-newsletter\/#primaryimage"},"thumbnailUrl":"https:\/\/gamaartisancouteau.com\/wp-content\/plugins\/wpforms-lite\/assets\/images\/submit-spin.svg","datePublished":"2021-08-18T07:22:03+00:00","dateModified":"2024-05-01T14:41:49+00:00","description":"Vous trouverez dans cette page tous nos contacts , vous aurez la possibilit\u00e9 de vous abonner \u00e0 notre newsletter.","breadcrumb":{"@id":"https:\/\/gamaartisancouteau.com\/index.php\/contacts-newsletter\/#breadcrumb"},"inLanguage":"fr-FR","potentialAction":[{"@type":"ReadAction","target":["https:\/\/gamaartisancouteau.com\/index.php\/contacts-newsletter\/"]}]},{"@type":"ImageObject","inLanguage":"fr-FR","@id":"https:\/\/gamaartisancouteau.com\/index.php\/contacts-newsletter\/#primaryimage","url":"https:\/\/gamaartisancouteau.com\/wp-content\/plugins\/wpforms-lite\/assets\/images\/submit-spin.svg","contentUrl":"https:\/\/gamaartisancouteau.com\/wp-content\/plugins\/wpforms-lite\/assets\/images\/submit-spin.svg"},{"@type":"BreadcrumbList","@id":"https:\/\/gamaartisancouteau.com\/index.php\/contacts-newsletter\/#breadcrumb","itemListElement":[{"@type":"ListItem","position":1,"name":"Accueil","item":"https:\/\/gamaartisancouteau.com\/"},{"@type":"ListItem","position":2,"name":"Contact"}]},{"@type":"WebSite","@id":"https:\/\/gamaartisancouteau.com\/#website","url":"https:\/\/gamaartisancouteau.com\/","name":"Gama Couteaux artisanaux","description":"","publisher":{"@id":"https:\/\/gamaartisancouteau.com\/#organization"},"potentialAction":[{"@type":"SearchAction","target":{"@type":"EntryPoint","urlTemplate":"https:\/\/gamaartisancouteau.com\/?s={search_term_string}"},"query-input":{"@type":"PropertyValueSpecification","valueRequired":true,"valueName":"search_term_string"}}],"inLanguage":"fr-FR"},{"@type":"Organization","@id":"https:\/\/gamaartisancouteau.com\/#organization","name":"Gama Couteaux artisanaux","url":"https:\/\/gamaartisancouteau.com\/","logo":{"@type":"ImageObject","inLanguage":"fr-FR","@id":"https:\/\/gamaartisancouteau.com\/#\/schema\/logo\/image\/","url":"https:\/\/gamaartisancouteau.com\/wp-content\/uploads\/2023\/11\/cropped-cropped-logo-noir.jpg","contentUrl":"https:\/\/gamaartisancouteau.com\/wp-content\/uploads\/2023\/11\/cropped-cropped-logo-noir.jpg","width":106,"height":129,"caption":"Gama Couteaux artisanaux"},"image":{"@id":"https:\/\/gamaartisancouteau.com\/#\/schema\/logo\/image\/"},"sameAs":["https:\/\/www.facebook.com\/profile.php?id=100095020392073","https:\/\/www.instagram.com\/gama_deco84\/"]}]}},"_links":{"self":[{"href":"https:\/\/gamaartisancouteau.com\/index.php\/wp-json\/wp\/v2\/pages\/357"}],"collection":[{"href":"https:\/\/gamaartisancouteau.com\/index.php\/wp-json\/wp\/v2\/pages"}],"about":[{"href":"https:\/\/gamaartisancouteau.com\/index.php\/wp-json\/wp\/v2\/types\/page"}],"author":[{"embeddable":true,"href":"https:\/\/gamaartisancouteau.com\/index.php\/wp-json\/wp\/v2\/users\/1"}],"replies":[{"embeddable":true,"href":"https:\/\/gamaartisancouteau.com\/index.php\/wp-json\/wp\/v2\/comments?post=357"}],"version-history":[{"count":65,"href":"https:\/\/gamaartisancouteau.com\/index.php\/wp-json\/wp\/v2\/pages\/357\/revisions"}],"predecessor-version":[{"id":2707,"href":"https:\/\/gamaartisancouteau.com\/index.php\/wp-json\/wp\/v2\/pages\/357\/revisions\/2707"}],"wp:attachment":[{"href":"https:\/\/gamaartisancouteau.com\/index.php\/wp-json\/wp\/v2\/media?parent=357"}],"curies":[{"name":"wp","href":"https:\/\/api.w.org\/{rel}","templated":true}]}}