{"id":3,"date":"2023-11-09T15:46:53","date_gmt":"2023-11-09T14:46:53","guid":{"rendered":"http:\/\/gamaartisancouteau.com\/?page_id=3"},"modified":"2024-03-09T18:32:04","modified_gmt":"2024-03-09T17:32:04","slug":"politique-de-confidentialite","status":"publish","type":"page","link":"https:\/\/gamaartisancouteau.com\/index.php\/politique-de-confidentialite\/","title":{"rendered":"Politique de confidentialit\u00e9"},"content":{"rendered":"\t\t<div data-elementor-type=\"wp-page\" data-elementor-id=\"3\" class=\"elementor elementor-3\">\n\t\t\t\t<div class=\"elementor-element elementor-element-03f2027 e-flex e-con-boxed e-con e-parent\" data-id=\"03f2027\" data-element_type=\"container\">\n\t\t\t\t\t<div class=\"e-con-inner\">\n\t\t\t\t<div class=\"elementor-element elementor-element-af435f6 elementor-widget elementor-widget-text-editor\" data-id=\"af435f6\" data-element_type=\"widget\" data-widget_type=\"text-editor.default\">\n\t\t\t\t<div class=\"elementor-widget-container\">\n\t\t\t\t\t\t\t\t\t<p><strong>Politique de protection de la vie priv\u00e9e <br \/>Derni\u00e8re mise \u00e0 jour le 06-Dec-2023 <br \/>Date d&rsquo;entr\u00e9e en vigueur 06-Dec-2023<\/strong><\/p><p>La pr\u00e9sente politique de protection de la vie priv\u00e9e d\u00e9crit les politiques de Cr\u00e9ation Gama D\u00e9co, 201 rue albert gleizes, PACA 84300 CAVAILLON, France, e-mail: contact@gamaartisancouteau.com, t\u00e9l\u00e9phone: 0664301025 sur la collecte, utiliser et divulguer vos informations que nous collectons lorsque vous utilisez notre site web ( https:\/\/gamaartisancouteau.com ). (le \u00ab service \u00bb). En acc\u00e9dant ou en utilisant la Service, vous consentez \u00e0 la collecte, \u00e0 l&rsquo;utilisation et \u00e0 la la divulgation de vos informations conform\u00e9ment \u00e0 cette Politique de protection de la vie priv\u00e9e. Si vous ne consentez pas \u00e0 ce que vous consentez, Veuillez ne pas acc\u00e9der au Service ni l&rsquo;utiliser.<\/p><p>Nous pouvons modifier la pr\u00e9sente politique de confidentialit\u00e9 \u00e0 tout moment sans toute notification pr\u00e9alable qui vous est adress\u00e9e et vous affichera la version r\u00e9vis\u00e9e Politique de protection de la vie priv\u00e9e au service. La politique r\u00e9vis\u00e9e \u00eatre en vigueur de 180 jours \u00e0 compter de la date \u00e0 laquelle la politique r\u00e9vis\u00e9e est affich\u00e9e dans le Service et votre le maintien de l&rsquo;acc\u00e8s ou de l&rsquo;utilisation du Service apr\u00e8s cette date constitueront votre acceptation de la vie priv\u00e9e r\u00e9vis\u00e9e Politique. Nous vous recommandons donc de vous recommander p\u00e9riodiquement Revoir cette page.<\/p><ol><li><strong>Comment nous utilisons vos informations:<\/strong><\/li><\/ol><p>Nous utiliserons les informations que nous collectons \u00e0 votre sujet aux fins suivantes:<\/p><ol><li>Commercialisation\/promotionnel<\/li><li>Collecte d&rsquo;informations en retour des clients<\/li><li>Appliquer les crit\u00e8res d&rsquo;application<\/li><li>Traitement des paiements<\/li><li>G\u00e9rer la commande<\/li><li>Commentaires de l&rsquo;utilisateur aupr\u00e8s de l&rsquo;utilisateur<\/li><li>R\u00e8glement des diff\u00e9rends<\/li><\/ol><p>Si nous voulons utiliser vos informations pour toute autre but, nous vous demanderons le consentement et nous le ferons utiliser vos informations uniquement sur la r\u00e9ception de votre et ensuite, uniquement \u00e0 l&rsquo;intention de qui donne son consentement \u00e0 moins que nous ne soyons tenus de le faire d&rsquo;autres termes par la loi.<\/p><ol start=\"2\"><li><strong>Vos droits:<\/strong><\/li><\/ol><p>En fonction de la loi qui s&rsquo;applique, vous pouvez avoir un droit d&rsquo;acc\u00e8s et de rectification et d&rsquo;effacement ou d&rsquo;effacement ou recevoir une copie de votre personnel des donn\u00e9es, restreignent ou s&rsquo;y opposent traitement de vos donn\u00e9es, demandez-nous de partager (port) vos informations personnelles \u00e0 une autre entit\u00e9, retirer tout consentement que vous nous avez donn\u00e9 traiter vos donn\u00e9es, droit de d\u00e9poser une plainte avec une autorit\u00e9 l\u00e9gale et de tels autres droits dans la mesure o\u00f9 il peut \u00eatre pertinent en vertu des lois applicables. \u00c0 d&rsquo;exercer ces droits, vous pouvez nous \u00e9crire \u00e0 l&rsquo;adresse suivante: contact@gamaartisancouteau.com. Nous r\u00e9pondrons \u00e0 votre demande conform\u00e9ment \u00e0 la loi applicable.<\/p><p>Notez que si vous ne nous autorisez pas \u00e0 collecter ou traiter les informations personnelles requises ou retirer le consentement \u00e0 un traitement de la m\u00eame mani\u00e8re pour le objectifs requis, il se peut que vous ne puissiez pas avoir acc\u00e8s ou utiliser les services pour lesquels vos informations a \u00e9t\u00e9 sollicit\u00e9e.<\/p><ol start=\"3\"><li><strong>Cookies etc.<\/strong><\/li><\/ol><p>Les cookies n\u00e9cessaires sont cruciaux pour les fonctions de base du site Web et celui-ci ne fonctionnera pas comme pr\u00e9vu sans eux. Ces cookies ne stockent aucune donn\u00e9e personnellement identifiable.<\/p><p>Pour en savoir plus sur la mani\u00e8re dont nous les utilisons et vos choix en relation avec ces suivis technologies, s&rsquo;il vous pla\u00eet, se r\u00e9f\u00e9rer \u00e0 notre <a href=\"https:\/\/gamaartisancouteau.com\">Politique en mati\u00e8re de cookies.<\/a><\/p><table><thead><tr><th class=\"border-0\">Description<\/th><\/tr><\/thead><tbody><tr><td class=\"\"><p>CookieYes place ce t\u00e9moin pour m\u00e9moriser les pr\u00e9f\u00e9rences des utilisateurs en mati\u00e8re de consentement afin que leurs pr\u00e9f\u00e9rences soient respect\u00e9es lors des visites ult\u00e9rieures de ce site. Il ne collecte ni ne stocke aucune information personnelle sur les visiteurs du site.<\/p><p>Les cookies analytiques sont utilis\u00e9s pour comprendre comment les visiteurs interagissent avec le site Web. Ces cookies aident \u00e0 fournir des informations sur le nombre de visiteurs, le taux de rebond, la source de trafic, etc.<\/p><table><thead><tr><th class=\"border-0\">Description<\/th><\/tr><\/thead><tbody><tr><td class=\"\"><p>Google Analytics utilise ce t\u00e9moin pour calculer les donn\u00e9es relatives aux visiteurs, aux sessions et aux campagnes et suivre l\u2019utilisation du site pour le rapport d\u2019analyse du site. Le t\u00e9moin stocke les informations de mani\u00e8re anonyme et attribue un num\u00e9ro g\u00e9n\u00e9r\u00e9 de mani\u00e8re al\u00e9atoire pour reconna\u00eetre les visiteurs uniques.<\/p><p>Les cookies fonctionnels permettent d&rsquo;ex\u00e9cuter certaines fonctionnalit\u00e9s telles que le partage du contenu du site Web sur des plateformes de m\u00e9dias sociaux, la collecte de commentaires et d&rsquo;autres fonctionnalit\u00e9s tierces.<\/p><pre id=\"tw-target-text\" class=\"tw-data-text tw-text-large tw-ta\" dir=\"ltr\" data-placeholder=\"Traduction\" data-ved=\"2ahUKEwjvmPXAmv2CAxXnTKQEHdEdAiUQ3ewLegQIBRAP\"><span class=\"Y2IQFc\" lang=\"fr\">\u00a0<\/span><\/pre><\/td><\/tr><\/tbody><\/table><\/td><\/tr><\/tbody><\/table><ol start=\"4\"><li><strong>S\u00e9curit\u00e9 :<\/strong><\/li><\/ol><p>La s\u00e9curit\u00e9 de vos informations est importante pour nous et nous utiliserons des mesures de s\u00e9curit\u00e9 raisonnables pour pr\u00e9venir la perte, l&rsquo;utilisation abusive ou non modification de vos informations au titre de notre contr\u00f4le. Toutefois, compte tenu des risques inh\u00e9rents, nous ne peut garantir une s\u00e9curit\u00e9 absolue et par cons\u00e9quent, nous ne pouvons pas garantir ou justifier la s\u00e9curit\u00e9 de toute information que vous nous transmettez Et vous le faites \u00e0 vos risques et p\u00e9rils.<\/p><ol start=\"5\"><li><strong>Doreur\/D\u00e9l\u00e9gu\u00e9 \u00e0 la protection des donn\u00e9es:<\/strong><\/li><\/ol><p>Si vous avez des questions ou des pr\u00e9occupations concernant traitement de vos informations disponibles avec nous, vous pouvez envoyer un courriel \u00e0 notre Officier des dol\u00e9ances \u00e0 Cr\u00e9ation Gama D\u00e9co, 201 rue albert gleizes 84300 CAVAILLON, e-mail: contact@gamaartisancouteau.com. Nous r\u00e9pondrons \u00e0 vos pr\u00e9occupations conform\u00e9ment \u00e0 la loi applicable.<\/p><p>Privacy Policy g\u00e9n\u00e9r\u00e9 avec <a href=\"https:\/\/www.cookieyes.com\/?utm_source=PP&amp;utm_medium=footer&amp;utm_campaign=UW\">CookieYes<\/a>.<\/p>\t\t\t\t\t\t\t\t<\/div>\n\t\t\t\t<\/div>\n\t\t\t\t\t<\/div>\n\t\t\t\t<\/div>\n\t\t<div class=\"elementor-element elementor-element-ccb6018 e-flex e-con-boxed e-con e-parent\" data-id=\"ccb6018\" data-element_type=\"container\">\n\t\t\t\t\t<div class=\"e-con-inner\">\n\t\t\t\t\t<\/div>\n\t\t\t\t<\/div>\n\t\t\t\t<\/div>\n\t\t","protected":false},"excerpt":{"rendered":"<p>Politique de protection de la vie priv\u00e9e Derni\u00e8re mise \u00e0 jour le 06-Dec-2023 Date d&rsquo;entr\u00e9e en vigueur 06-Dec-2023 La pr\u00e9sente politique de protection de la vie priv\u00e9e d\u00e9crit les politiques de Cr\u00e9ation Gama D\u00e9co, 201 rue albert gleizes, PACA 84300 CAVAILLON, France, e-mail: contact@gamaartisancouteau.com, t\u00e9l\u00e9phone: 0664301025 sur la collecte, utiliser et divulguer vos informations que [&hellip;]<\/p>\n","protected":false},"author":1,"featured_media":0,"parent":0,"menu_order":0,"comment_status":"closed","ping_status":"closed","template":"","meta":{"site-sidebar-layout":"default","site-content-layout":"","ast-site-content-layout":"default","site-content-style":"default","site-sidebar-style":"default","ast-global-header-display":"","ast-banner-title-visibility":"","ast-main-header-display":"","ast-hfb-above-header-display":"","ast-hfb-below-header-display":"","ast-hfb-mobile-header-display":"","site-post-title":"","ast-breadcrumbs-content":"","ast-featured-img":"","footer-sml-layout":"","theme-transparent-header-meta":"","adv-header-id-meta":"","stick-header-meta":"","header-above-stick-meta":"","header-main-stick-meta":"","header-below-stick-meta":"","astra-migrate-meta-layouts":"set","ast-page-background-enabled":"default","ast-page-background-meta":{"desktop":{"background-color":"var(--ast-global-color-4)","background-image":"","background-repeat":"repeat","background-position":"center center","background-size":"auto","background-attachment":"scroll","background-type":"","background-media":"","overlay-type":"","overlay-color":"","overlay-opacity":"","overlay-gradient":""},"tablet":{"background-color":"","background-image":"","background-repeat":"repeat","background-position":"center center","background-size":"auto","background-attachment":"scroll","background-type":"","background-media":"","overlay-type":"","overlay-color":"","overlay-opacity":"","overlay-gradient":""},"mobile":{"background-color":"","background-image":"","background-repeat":"repeat","background-position":"center center","background-size":"auto","background-attachment":"scroll","background-type":"","background-media":"","overlay-type":"","overlay-color":"","overlay-opacity":"","overlay-gradient":""}},"ast-content-background-meta":{"desktop":{"background-color":"var(--ast-global-color-5)","background-image":"","background-repeat":"repeat","background-position":"center center","background-size":"auto","background-attachment":"scroll","background-type":"","background-media":"","overlay-type":"","overlay-color":"","overlay-opacity":"","overlay-gradient":""},"tablet":{"background-color":"var(--ast-global-color-5)","background-image":"","background-repeat":"repeat","background-position":"center center","background-size":"auto","background-attachment":"scroll","background-type":"","background-media":"","overlay-type":"","overlay-color":"","overlay-opacity":"","overlay-gradient":""},"mobile":{"background-color":"var(--ast-global-color-5)","background-image":"","background-repeat":"repeat","background-position":"center center","background-size":"auto","background-attachment":"scroll","background-type":"","background-media":"","overlay-type":"","overlay-color":"","overlay-opacity":"","overlay-gradient":""}},"footnotes":""},"yoast_head":"<!-- This site is optimized with the Yoast SEO plugin v24.1 - https:\/\/yoast.com\/wordpress\/plugins\/seo\/ -->\n<title>Politique de confidentialit\u00e9 - Gama Couteaux artisanaux<\/title>\n<meta name=\"description\" content=\"Dans notre politique de confidentialit\u00e9 , un contrat expose les engagements de l&#039;entreprise, en mati\u00e8re de donn\u00e9es personnelles.\" \/>\n<meta name=\"robots\" content=\"index, follow, max-snippet:-1, max-image-preview:large, max-video-preview:-1\" \/>\n<link rel=\"canonical\" href=\"https:\/\/gamaartisancouteau.com\/index.php\/politique-de-confidentialite\/\" \/>\n<meta property=\"og:locale\" content=\"fr_FR\" \/>\n<meta property=\"og:type\" content=\"article\" \/>\n<meta property=\"og:title\" content=\"Politique de confidentialit\u00e9 - Gama Couteaux artisanaux\" \/>\n<meta property=\"og:description\" content=\"Dans notre politique de confidentialit\u00e9 , un contrat expose les engagements de l&#039;entreprise, en mati\u00e8re de donn\u00e9es personnelles.\" \/>\n<meta property=\"og:url\" content=\"https:\/\/gamaartisancouteau.com\/index.php\/politique-de-confidentialite\/\" \/>\n<meta property=\"og:site_name\" content=\"Gama Couteaux artisanaux\" \/>\n<meta property=\"article:publisher\" content=\"https:\/\/www.facebook.com\/profile.php?id=100095020392073\" \/>\n<meta property=\"article:modified_time\" content=\"2024-03-09T17:32:04+00:00\" \/>\n<meta name=\"twitter:card\" content=\"summary_large_image\" \/>\n<meta name=\"twitter:label1\" content=\"Dur\u00e9e de lecture estim\u00e9e\" \/>\n\t<meta name=\"twitter:data1\" content=\"5 minutes\" \/>\n<script type=\"application\/ld+json\" class=\"yoast-schema-graph\">{\"@context\":\"https:\/\/schema.org\",\"@graph\":[{\"@type\":\"WebPage\",\"@id\":\"https:\/\/gamaartisancouteau.com\/index.php\/politique-de-confidentialite\/\",\"url\":\"https:\/\/gamaartisancouteau.com\/index.php\/politique-de-confidentialite\/\",\"name\":\"Politique de confidentialit\u00e9 - Gama Couteaux artisanaux\",\"isPartOf\":{\"@id\":\"https:\/\/gamaartisancouteau.com\/#website\"},\"datePublished\":\"2023-11-09T14:46:53+00:00\",\"dateModified\":\"2024-03-09T17:32:04+00:00\",\"description\":\"Dans notre politique de confidentialit\u00e9 , un contrat expose les engagements de l'entreprise, en mati\u00e8re de donn\u00e9es personnelles.\",\"breadcrumb\":{\"@id\":\"https:\/\/gamaartisancouteau.com\/index.php\/politique-de-confidentialite\/#breadcrumb\"},\"inLanguage\":\"fr-FR\",\"potentialAction\":[{\"@type\":\"ReadAction\",\"target\":[\"https:\/\/gamaartisancouteau.com\/index.php\/politique-de-confidentialite\/\"]}]},{\"@type\":\"BreadcrumbList\",\"@id\":\"https:\/\/gamaartisancouteau.com\/index.php\/politique-de-confidentialite\/#breadcrumb\",\"itemListElement\":[{\"@type\":\"ListItem\",\"position\":1,\"name\":\"Accueil\",\"item\":\"https:\/\/gamaartisancouteau.com\/\"},{\"@type\":\"ListItem\",\"position\":2,\"name\":\"Politique de confidentialit\u00e9\"}]},{\"@type\":\"WebSite\",\"@id\":\"https:\/\/gamaartisancouteau.com\/#website\",\"url\":\"https:\/\/gamaartisancouteau.com\/\",\"name\":\"Gama Couteaux artisanaux\",\"description\":\"\",\"publisher\":{\"@id\":\"https:\/\/gamaartisancouteau.com\/#organization\"},\"potentialAction\":[{\"@type\":\"SearchAction\",\"target\":{\"@type\":\"EntryPoint\",\"urlTemplate\":\"https:\/\/gamaartisancouteau.com\/?s={search_term_string}\"},\"query-input\":{\"@type\":\"PropertyValueSpecification\",\"valueRequired\":true,\"valueName\":\"search_term_string\"}}],\"inLanguage\":\"fr-FR\"},{\"@type\":\"Organization\",\"@id\":\"https:\/\/gamaartisancouteau.com\/#organization\",\"name\":\"Gama Couteaux artisanaux\",\"url\":\"https:\/\/gamaartisancouteau.com\/\",\"logo\":{\"@type\":\"ImageObject\",\"inLanguage\":\"fr-FR\",\"@id\":\"https:\/\/gamaartisancouteau.com\/#\/schema\/logo\/image\/\",\"url\":\"https:\/\/gamaartisancouteau.com\/wp-content\/uploads\/2023\/11\/cropped-cropped-logo-noir.jpg\",\"contentUrl\":\"https:\/\/gamaartisancouteau.com\/wp-content\/uploads\/2023\/11\/cropped-cropped-logo-noir.jpg\",\"width\":106,\"height\":129,\"caption\":\"Gama Couteaux artisanaux\"},\"image\":{\"@id\":\"https:\/\/gamaartisancouteau.com\/#\/schema\/logo\/image\/\"},\"sameAs\":[\"https:\/\/www.facebook.com\/profile.php?id=100095020392073\",\"https:\/\/www.instagram.com\/gama_deco84\/\"]}]}<\/script>\n<!-- \/ Yoast SEO plugin. -->","yoast_head_json":{"title":"Politique de confidentialit\u00e9 - Gama Couteaux artisanaux","description":"Dans notre politique de confidentialit\u00e9 , un contrat expose les engagements de l'entreprise, en mati\u00e8re de donn\u00e9es personnelles.","robots":{"index":"index","follow":"follow","max-snippet":"max-snippet:-1","max-image-preview":"max-image-preview:large","max-video-preview":"max-video-preview:-1"},"canonical":"https:\/\/gamaartisancouteau.com\/index.php\/politique-de-confidentialite\/","og_locale":"fr_FR","og_type":"article","og_title":"Politique de confidentialit\u00e9 - Gama Couteaux artisanaux","og_description":"Dans notre politique de confidentialit\u00e9 , un contrat expose les engagements de l'entreprise, en mati\u00e8re de donn\u00e9es personnelles.","og_url":"https:\/\/gamaartisancouteau.com\/index.php\/politique-de-confidentialite\/","og_site_name":"Gama Couteaux artisanaux","article_publisher":"https:\/\/www.facebook.com\/profile.php?id=100095020392073","article_modified_time":"2024-03-09T17:32:04+00:00","twitter_card":"summary_large_image","twitter_misc":{"Dur\u00e9e de lecture estim\u00e9e":"5 minutes"},"schema":{"@context":"https:\/\/schema.org","@graph":[{"@type":"WebPage","@id":"https:\/\/gamaartisancouteau.com\/index.php\/politique-de-confidentialite\/","url":"https:\/\/gamaartisancouteau.com\/index.php\/politique-de-confidentialite\/","name":"Politique de confidentialit\u00e9 - Gama Couteaux artisanaux","isPartOf":{"@id":"https:\/\/gamaartisancouteau.com\/#website"},"datePublished":"2023-11-09T14:46:53+00:00","dateModified":"2024-03-09T17:32:04+00:00","description":"Dans notre politique de confidentialit\u00e9 , un contrat expose les engagements de l'entreprise, en mati\u00e8re de donn\u00e9es personnelles.","breadcrumb":{"@id":"https:\/\/gamaartisancouteau.com\/index.php\/politique-de-confidentialite\/#breadcrumb"},"inLanguage":"fr-FR","potentialAction":[{"@type":"ReadAction","target":["https:\/\/gamaartisancouteau.com\/index.php\/politique-de-confidentialite\/"]}]},{"@type":"BreadcrumbList","@id":"https:\/\/gamaartisancouteau.com\/index.php\/politique-de-confidentialite\/#breadcrumb","itemListElement":[{"@type":"ListItem","position":1,"name":"Accueil","item":"https:\/\/gamaartisancouteau.com\/"},{"@type":"ListItem","position":2,"name":"Politique de confidentialit\u00e9"}]},{"@type":"WebSite","@id":"https:\/\/gamaartisancouteau.com\/#website","url":"https:\/\/gamaartisancouteau.com\/","name":"Gama Couteaux artisanaux","description":"","publisher":{"@id":"https:\/\/gamaartisancouteau.com\/#organization"},"potentialAction":[{"@type":"SearchAction","target":{"@type":"EntryPoint","urlTemplate":"https:\/\/gamaartisancouteau.com\/?s={search_term_string}"},"query-input":{"@type":"PropertyValueSpecification","valueRequired":true,"valueName":"search_term_string"}}],"inLanguage":"fr-FR"},{"@type":"Organization","@id":"https:\/\/gamaartisancouteau.com\/#organization","name":"Gama Couteaux artisanaux","url":"https:\/\/gamaartisancouteau.com\/","logo":{"@type":"ImageObject","inLanguage":"fr-FR","@id":"https:\/\/gamaartisancouteau.com\/#\/schema\/logo\/image\/","url":"https:\/\/gamaartisancouteau.com\/wp-content\/uploads\/2023\/11\/cropped-cropped-logo-noir.jpg","contentUrl":"https:\/\/gamaartisancouteau.com\/wp-content\/uploads\/2023\/11\/cropped-cropped-logo-noir.jpg","width":106,"height":129,"caption":"Gama Couteaux artisanaux"},"image":{"@id":"https:\/\/gamaartisancouteau.com\/#\/schema\/logo\/image\/"},"sameAs":["https:\/\/www.facebook.com\/profile.php?id=100095020392073","https:\/\/www.instagram.com\/gama_deco84\/"]}]}},"_links":{"self":[{"href":"https:\/\/gamaartisancouteau.com\/index.php\/wp-json\/wp\/v2\/pages\/3"}],"collection":[{"href":"https:\/\/gamaartisancouteau.com\/index.php\/wp-json\/wp\/v2\/pages"}],"about":[{"href":"https:\/\/gamaartisancouteau.com\/index.php\/wp-json\/wp\/v2\/types\/page"}],"author":[{"embeddable":true,"href":"https:\/\/gamaartisancouteau.com\/index.php\/wp-json\/wp\/v2\/users\/1"}],"replies":[{"embeddable":true,"href":"https:\/\/gamaartisancouteau.com\/index.php\/wp-json\/wp\/v2\/comments?post=3"}],"version-history":[{"count":23,"href":"https:\/\/gamaartisancouteau.com\/index.php\/wp-json\/wp\/v2\/pages\/3\/revisions"}],"predecessor-version":[{"id":2662,"href":"https:\/\/gamaartisancouteau.com\/index.php\/wp-json\/wp\/v2\/pages\/3\/revisions\/2662"}],"wp:attachment":[{"href":"https:\/\/gamaartisancouteau.com\/index.php\/wp-json\/wp\/v2\/media?parent=3"}],"curies":[{"name":"wp","href":"https:\/\/api.w.org\/{rel}","templated":true}]}}