{"id":252,"date":"2021-08-18T05:35:45","date_gmt":"2021-08-18T05:35:45","guid":{"rendered":"https:\/\/gamaartisancouteau.com\/index.php\/about\/"},"modified":"2024-09-15T07:32:41","modified_gmt":"2024-09-15T05:32:41","slug":"qui-sommes-nous-couple-fabricant-artisan-vaucluse","status":"publish","type":"page","link":"https:\/\/gamaartisancouteau.com\/index.php\/qui-sommes-nous-couple-fabricant-artisan-vaucluse\/","title":{"rendered":"Qui sommes nous ?"},"content":{"rendered":"\t\t<div data-elementor-type=\"wp-page\" data-elementor-id=\"252\" class=\"elementor elementor-252\">\n\t\t\t\t\t\t<section class=\"elementor-section elementor-top-section elementor-element elementor-element-1336c617 elementor-section-height-min-height elementor-section-boxed elementor-section-height-default elementor-section-items-middle\" data-id=\"1336c617\" data-element_type=\"section\" data-settings=\"{&quot;background_background&quot;:&quot;classic&quot;}\">\n\t\t\t\t\t\t<div class=\"elementor-container elementor-column-gap-default\">\n\t\t\t\t\t<div class=\"elementor-column elementor-col-100 elementor-top-column elementor-element elementor-element-7f957220\" data-id=\"7f957220\" data-element_type=\"column\">\n\t\t\t<div class=\"elementor-widget-wrap elementor-element-populated\">\n\t\t\t\t\t\t<div class=\"elementor-element elementor-element-617f05d8 elementor-widget elementor-widget-heading\" data-id=\"617f05d8\" data-element_type=\"widget\" data-widget_type=\"heading.default\">\n\t\t\t\t<div class=\"elementor-widget-container\">\n\t\t\t\t\t<h1 class=\"elementor-heading-title elementor-size-default\">QUI SOMMES NOUS ?\n<\/h1>\t\t\t\t<\/div>\n\t\t\t\t<\/div>\n\t\t\t\t\t<\/div>\n\t\t<\/div>\n\t\t\t\t\t<\/div>\n\t\t<\/section>\n\t\t\t\t<section class=\"elementor-section elementor-top-section elementor-element elementor-element-38765c5b elementor-section-boxed elementor-section-height-default elementor-section-height-default\" data-id=\"38765c5b\" data-element_type=\"section\">\n\t\t\t\t\t\t<div class=\"elementor-container elementor-column-gap-default\">\n\t\t\t\t\t<div class=\"elementor-column elementor-col-50 elementor-top-column elementor-element elementor-element-6a82d977\" data-id=\"6a82d977\" data-element_type=\"column\">\n\t\t\t<div class=\"elementor-widget-wrap elementor-element-populated\">\n\t\t\t\t\t\t<div class=\"elementor-element elementor-element-1eb674a4 elementor-widget elementor-widget-image\" data-id=\"1eb674a4\" data-element_type=\"widget\" data-widget_type=\"image.default\">\n\t\t\t\t<div class=\"elementor-widget-container\">\n\t\t\t\t\t\t\t\t\t\t\t\t\t\t\t<img fetchpriority=\"high\" decoding=\"async\" width=\"225\" height=\"300\" src=\"https:\/\/gamaartisancouteau.com\/wp-content\/uploads\/2024\/03\/Atelier-pour-site--225x300.jpg\" class=\"attachment-medium size-medium wp-image-2609\" alt=\"Atelier\" srcset=\"https:\/\/gamaartisancouteau.com\/wp-content\/uploads\/2024\/03\/Atelier-pour-site--225x300.jpg 225w, https:\/\/gamaartisancouteau.com\/wp-content\/uploads\/2024\/03\/Atelier-pour-site--600x800.jpg 600w, https:\/\/gamaartisancouteau.com\/wp-content\/uploads\/2024\/03\/Atelier-pour-site-.jpg 750w\" sizes=\"(max-width: 225px) 100vw, 225px\" \/>\t\t\t\t\t\t\t\t\t\t\t\t\t\t\t<\/div>\n\t\t\t\t<\/div>\n\t\t\t\t<div class=\"elementor-element elementor-element-20f159d elementor-widget elementor-widget-image\" data-id=\"20f159d\" data-element_type=\"widget\" data-widget_type=\"image.default\">\n\t\t\t\t<div class=\"elementor-widget-container\">\n\t\t\t\t\t\t\t\t\t\t\t\t\t\t\t<img decoding=\"async\" width=\"225\" height=\"300\" src=\"https:\/\/gamaartisancouteau.com\/wp-content\/uploads\/2023\/11\/Alain-forge-225x300.jpg\" class=\"attachment-medium size-medium wp-image-33\" alt=\"\" srcset=\"https:\/\/gamaartisancouteau.com\/wp-content\/uploads\/2023\/11\/Alain-forge-225x300.jpg 225w, https:\/\/gamaartisancouteau.com\/wp-content\/uploads\/2023\/11\/Alain-forge-600x800.jpg 600w, https:\/\/gamaartisancouteau.com\/wp-content\/uploads\/2023\/11\/Alain-forge.jpg 750w\" sizes=\"(max-width: 225px) 100vw, 225px\" \/>\t\t\t\t\t\t\t\t\t\t\t\t\t\t\t<\/div>\n\t\t\t\t<\/div>\n\t\t\t\t\t<\/div>\n\t\t<\/div>\n\t\t\t\t<div class=\"elementor-column elementor-col-50 elementor-top-column elementor-element elementor-element-3d440c4\" data-id=\"3d440c4\" data-element_type=\"column\">\n\t\t\t<div class=\"elementor-widget-wrap elementor-element-populated\">\n\t\t\t\t\t\t<div class=\"elementor-element elementor-element-2b7ed6cc elementor-widget elementor-widget-heading\" data-id=\"2b7ed6cc\" data-element_type=\"widget\" data-widget_type=\"heading.default\">\n\t\t\t\t<div class=\"elementor-widget-container\">\n\t\t\t\t\t<h2 class=\"elementor-heading-title elementor-size-default\">NOTRE HISTOIRE<\/h2>\t\t\t\t<\/div>\n\t\t\t\t<\/div>\n\t\t\t\t<div class=\"elementor-element elementor-element-db65c1d elementor-drop-cap-yes elementor-drop-cap-view-default elementor-widget elementor-widget-text-editor\" data-id=\"db65c1d\" data-element_type=\"widget\" data-settings=\"{&quot;drop_cap&quot;:&quot;yes&quot;}\" data-widget_type=\"text-editor.default\">\n\t\t\t\t<div class=\"elementor-widget-container\">\n\t\t\t\t\t\t\t\t\t<p class=\"has-medium-font-size\">\u00a0<\/p><p class=\"has-medium-font-size\"><span style=\"font-size: 18.0pt; font-family: 'Monotype Corsiva';\">Notre passion est n\u00e9e apr\u00e8s le Covid dans notre micro atelier, nous fabriquons que des couteaux artisanaux pi\u00e8ces uniques , pliants ou lames fixes.<\/span><\/p><p class=\"has-medium-font-size\"><span style=\"font-size: 18.0pt; font-family: 'Monotype Corsiva';\">Nous travaillons des mati\u00e8res nobles comme le bois d&rsquo;olivier, le bois de cerf, les cornes de b\u00e9lier, ch\u00e8vre, phacoch\u00e8re etc &#8230;<\/span><\/p><p class=\"has-medium-font-size\"><span style=\"font-size: 18.0pt; font-family: 'Monotype Corsiva';\">Nous forgeons \u00e9galement \u00e0 partir de vieux outils , b\u00eache, scie loube, lame rotavator et vieux outils.<br \/><\/span><\/p><p>Nous pouvons \u00e9galement partager cette passion au travers de journ\u00e9e de stage, veuillez vous rendre sur la page stage, merci.<\/p><div>\u00a0<\/div><div>\u00a0<\/div>\t\t\t\t\t\t\t\t<\/div>\n\t\t\t\t<\/div>\n\t\t\t\t\t<\/div>\n\t\t<\/div>\n\t\t\t\t\t<\/div>\n\t\t<\/section>\n\t\t\t\t<\/div>\n\t\t","protected":false},"excerpt":{"rendered":"<p>QUI SOMMES NOUS ? NOTRE HISTOIRE \u00a0 Notre passion est n\u00e9e apr\u00e8s le Covid dans notre micro atelier, nous fabriquons que des couteaux artisanaux pi\u00e8ces uniques , pliants ou lames fixes. Nous travaillons des mati\u00e8res nobles comme le bois d&rsquo;olivier, le bois de cerf, les cornes de b\u00e9lier, ch\u00e8vre, phacoch\u00e8re etc &#8230; Nous forgeons \u00e9galement [&hellip;]<\/p>\n","protected":false},"author":1,"featured_media":0,"parent":0,"menu_order":0,"comment_status":"closed","ping_status":"closed","template":"","meta":{"site-sidebar-layout":"no-sidebar","site-content-layout":"page-builder","ast-site-content-layout":"full-width-container","site-content-style":"unboxed","site-sidebar-style":"unboxed","ast-global-header-display":"","ast-banner-title-visibility":"","ast-main-header-display":"","ast-hfb-above-header-display":"","ast-hfb-below-header-display":"","ast-hfb-mobile-header-display":"","site-post-title":"disabled","ast-breadcrumbs-content":"disabled","ast-featured-img":"disabled","footer-sml-layout":"","theme-transparent-header-meta":"enabled","adv-header-id-meta":"","stick-header-meta":"","header-above-stick-meta":"","header-main-stick-meta":"","header-below-stick-meta":"","astra-migrate-meta-layouts":"set","ast-page-background-enabled":"default","ast-page-background-meta":{"desktop":{"background-color":"var(--ast-global-color-4)","background-image":"","background-repeat":"repeat","background-position":"center center","background-size":"auto","background-attachment":"scroll","background-type":"","background-media":"","overlay-type":"","overlay-color":"","overlay-opacity":"","overlay-gradient":""},"tablet":{"background-color":"","background-image":"","background-repeat":"repeat","background-position":"center center","background-size":"auto","background-attachment":"scroll","background-type":"","background-media":"","overlay-type":"","overlay-color":"","overlay-opacity":"","overlay-gradient":""},"mobile":{"background-color":"","background-image":"","background-repeat":"repeat","background-position":"center center","background-size":"auto","background-attachment":"scroll","background-type":"","background-media":"","overlay-type":"","overlay-color":"","overlay-opacity":"","overlay-gradient":""}},"ast-content-background-meta":{"desktop":{"background-color":"var(--ast-global-color-5)","background-image":"","background-repeat":"repeat","background-position":"center center","background-size":"auto","background-attachment":"scroll","background-type":"","background-media":"","overlay-type":"","overlay-color":"","overlay-opacity":"","overlay-gradient":""},"tablet":{"background-color":"var(--ast-global-color-5)","background-image":"","background-repeat":"repeat","background-position":"center center","background-size":"auto","background-attachment":"scroll","background-type":"","background-media":"","overlay-type":"","overlay-color":"","overlay-opacity":"","overlay-gradient":""},"mobile":{"background-color":"var(--ast-global-color-5)","background-image":"","background-repeat":"repeat","background-position":"center center","background-size":"auto","background-attachment":"scroll","background-type":"","background-media":"","overlay-type":"","overlay-color":"","overlay-opacity":"","overlay-gradient":""}},"footnotes":""},"yoast_head":"<!-- This site is optimized with the Yoast SEO plugin v24.1 - https:\/\/yoast.com\/wordpress\/plugins\/seo\/ -->\n<title>Qui sommes nous ? - Gama Couteaux artisanaux petit atelier dans le Vaucluse<\/title>\n<meta name=\"description\" content=\"Nous sommes un couple fabricant des couteaux, nous pouvons vous accueillir dans notre atelier afin de vous permettre de r\u00e9aliser le votre.\" \/>\n<meta name=\"robots\" content=\"index, follow, max-snippet:-1, max-image-preview:large, max-video-preview:-1\" \/>\n<link rel=\"canonical\" href=\"https:\/\/gamaartisancouteau.com\/index.php\/qui-sommes-nous-couple-fabricant-artisan-vaucluse\/\" \/>\n<meta property=\"og:locale\" content=\"fr_FR\" \/>\n<meta property=\"og:type\" content=\"article\" \/>\n<meta property=\"og:title\" content=\"Qui sommes nous ? - Gama Couteaux artisanaux petit atelier dans le Vaucluse\" \/>\n<meta property=\"og:description\" content=\"Nous sommes un couple fabricant des couteaux, nous pouvons vous accueillir dans notre atelier afin de vous permettre de r\u00e9aliser le votre.\" \/>\n<meta property=\"og:url\" content=\"https:\/\/gamaartisancouteau.com\/index.php\/qui-sommes-nous-couple-fabricant-artisan-vaucluse\/\" \/>\n<meta property=\"og:site_name\" content=\"Gama Couteaux artisanaux\" \/>\n<meta property=\"article:publisher\" content=\"https:\/\/www.facebook.com\/profile.php?id=100095020392073\" \/>\n<meta property=\"article:modified_time\" content=\"2024-09-15T05:32:41+00:00\" \/>\n<meta property=\"og:image\" content=\"http:\/\/gamaartisancouteau.com\/wp-content\/uploads\/2024\/03\/Atelier-pour-site--225x300.jpg\" \/>\n<meta name=\"twitter:card\" content=\"summary_large_image\" \/>\n<meta name=\"twitter:label1\" content=\"Dur\u00e9e de lecture estim\u00e9e\" \/>\n\t<meta name=\"twitter:data1\" content=\"1 minute\" \/>\n<script type=\"application\/ld+json\" class=\"yoast-schema-graph\">{\"@context\":\"https:\/\/schema.org\",\"@graph\":[{\"@type\":\"WebPage\",\"@id\":\"https:\/\/gamaartisancouteau.com\/index.php\/qui-sommes-nous-couple-fabricant-artisan-vaucluse\/\",\"url\":\"https:\/\/gamaartisancouteau.com\/index.php\/qui-sommes-nous-couple-fabricant-artisan-vaucluse\/\",\"name\":\"Qui sommes nous ? - Gama Couteaux artisanaux petit atelier dans le Vaucluse\",\"isPartOf\":{\"@id\":\"https:\/\/gamaartisancouteau.com\/#website\"},\"primaryImageOfPage\":{\"@id\":\"https:\/\/gamaartisancouteau.com\/index.php\/qui-sommes-nous-couple-fabricant-artisan-vaucluse\/#primaryimage\"},\"image\":{\"@id\":\"https:\/\/gamaartisancouteau.com\/index.php\/qui-sommes-nous-couple-fabricant-artisan-vaucluse\/#primaryimage\"},\"thumbnailUrl\":\"http:\/\/gamaartisancouteau.com\/wp-content\/uploads\/2024\/03\/Atelier-pour-site--225x300.jpg\",\"datePublished\":\"2021-08-18T05:35:45+00:00\",\"dateModified\":\"2024-09-15T05:32:41+00:00\",\"description\":\"Nous sommes un couple fabricant des couteaux, nous pouvons vous accueillir dans notre atelier afin de vous permettre de r\u00e9aliser le votre.\",\"breadcrumb\":{\"@id\":\"https:\/\/gamaartisancouteau.com\/index.php\/qui-sommes-nous-couple-fabricant-artisan-vaucluse\/#breadcrumb\"},\"inLanguage\":\"fr-FR\",\"potentialAction\":[{\"@type\":\"ReadAction\",\"target\":[\"https:\/\/gamaartisancouteau.com\/index.php\/qui-sommes-nous-couple-fabricant-artisan-vaucluse\/\"]}]},{\"@type\":\"ImageObject\",\"inLanguage\":\"fr-FR\",\"@id\":\"https:\/\/gamaartisancouteau.com\/index.php\/qui-sommes-nous-couple-fabricant-artisan-vaucluse\/#primaryimage\",\"url\":\"http:\/\/gamaartisancouteau.com\/wp-content\/uploads\/2024\/03\/Atelier-pour-site--225x300.jpg\",\"contentUrl\":\"http:\/\/gamaartisancouteau.com\/wp-content\/uploads\/2024\/03\/Atelier-pour-site--225x300.jpg\"},{\"@type\":\"BreadcrumbList\",\"@id\":\"https:\/\/gamaartisancouteau.com\/index.php\/qui-sommes-nous-couple-fabricant-artisan-vaucluse\/#breadcrumb\",\"itemListElement\":[{\"@type\":\"ListItem\",\"position\":1,\"name\":\"Accueil\",\"item\":\"https:\/\/gamaartisancouteau.com\/\"},{\"@type\":\"ListItem\",\"position\":2,\"name\":\"Qui sommes nous ?\"}]},{\"@type\":\"WebSite\",\"@id\":\"https:\/\/gamaartisancouteau.com\/#website\",\"url\":\"https:\/\/gamaartisancouteau.com\/\",\"name\":\"Gama Couteaux artisanaux\",\"description\":\"\",\"publisher\":{\"@id\":\"https:\/\/gamaartisancouteau.com\/#organization\"},\"potentialAction\":[{\"@type\":\"SearchAction\",\"target\":{\"@type\":\"EntryPoint\",\"urlTemplate\":\"https:\/\/gamaartisancouteau.com\/?s={search_term_string}\"},\"query-input\":{\"@type\":\"PropertyValueSpecification\",\"valueRequired\":true,\"valueName\":\"search_term_string\"}}],\"inLanguage\":\"fr-FR\"},{\"@type\":\"Organization\",\"@id\":\"https:\/\/gamaartisancouteau.com\/#organization\",\"name\":\"Gama Couteaux artisanaux\",\"url\":\"https:\/\/gamaartisancouteau.com\/\",\"logo\":{\"@type\":\"ImageObject\",\"inLanguage\":\"fr-FR\",\"@id\":\"https:\/\/gamaartisancouteau.com\/#\/schema\/logo\/image\/\",\"url\":\"https:\/\/gamaartisancouteau.com\/wp-content\/uploads\/2023\/11\/cropped-cropped-logo-noir.jpg\",\"contentUrl\":\"https:\/\/gamaartisancouteau.com\/wp-content\/uploads\/2023\/11\/cropped-cropped-logo-noir.jpg\",\"width\":106,\"height\":129,\"caption\":\"Gama Couteaux artisanaux\"},\"image\":{\"@id\":\"https:\/\/gamaartisancouteau.com\/#\/schema\/logo\/image\/\"},\"sameAs\":[\"https:\/\/www.facebook.com\/profile.php?id=100095020392073\",\"https:\/\/www.instagram.com\/gama_deco84\/\"]}]}<\/script>\n<!-- \/ Yoast SEO plugin. -->","yoast_head_json":{"title":"Qui sommes nous ? - Gama Couteaux artisanaux petit atelier dans le Vaucluse","description":"Nous sommes un couple fabricant des couteaux, nous pouvons vous accueillir dans notre atelier afin de vous permettre de r\u00e9aliser le votre.","robots":{"index":"index","follow":"follow","max-snippet":"max-snippet:-1","max-image-preview":"max-image-preview:large","max-video-preview":"max-video-preview:-1"},"canonical":"https:\/\/gamaartisancouteau.com\/index.php\/qui-sommes-nous-couple-fabricant-artisan-vaucluse\/","og_locale":"fr_FR","og_type":"article","og_title":"Qui sommes nous ? - Gama Couteaux artisanaux petit atelier dans le Vaucluse","og_description":"Nous sommes un couple fabricant des couteaux, nous pouvons vous accueillir dans notre atelier afin de vous permettre de r\u00e9aliser le votre.","og_url":"https:\/\/gamaartisancouteau.com\/index.php\/qui-sommes-nous-couple-fabricant-artisan-vaucluse\/","og_site_name":"Gama Couteaux artisanaux","article_publisher":"https:\/\/www.facebook.com\/profile.php?id=100095020392073","article_modified_time":"2024-09-15T05:32:41+00:00","og_image":[{"url":"http:\/\/gamaartisancouteau.com\/wp-content\/uploads\/2024\/03\/Atelier-pour-site--225x300.jpg","type":"","width":"","height":""}],"twitter_card":"summary_large_image","twitter_misc":{"Dur\u00e9e de lecture estim\u00e9e":"1 minute"},"schema":{"@context":"https:\/\/schema.org","@graph":[{"@type":"WebPage","@id":"https:\/\/gamaartisancouteau.com\/index.php\/qui-sommes-nous-couple-fabricant-artisan-vaucluse\/","url":"https:\/\/gamaartisancouteau.com\/index.php\/qui-sommes-nous-couple-fabricant-artisan-vaucluse\/","name":"Qui sommes nous ? - Gama Couteaux artisanaux petit atelier dans le Vaucluse","isPartOf":{"@id":"https:\/\/gamaartisancouteau.com\/#website"},"primaryImageOfPage":{"@id":"https:\/\/gamaartisancouteau.com\/index.php\/qui-sommes-nous-couple-fabricant-artisan-vaucluse\/#primaryimage"},"image":{"@id":"https:\/\/gamaartisancouteau.com\/index.php\/qui-sommes-nous-couple-fabricant-artisan-vaucluse\/#primaryimage"},"thumbnailUrl":"http:\/\/gamaartisancouteau.com\/wp-content\/uploads\/2024\/03\/Atelier-pour-site--225x300.jpg","datePublished":"2021-08-18T05:35:45+00:00","dateModified":"2024-09-15T05:32:41+00:00","description":"Nous sommes un couple fabricant des couteaux, nous pouvons vous accueillir dans notre atelier afin de vous permettre de r\u00e9aliser le votre.","breadcrumb":{"@id":"https:\/\/gamaartisancouteau.com\/index.php\/qui-sommes-nous-couple-fabricant-artisan-vaucluse\/#breadcrumb"},"inLanguage":"fr-FR","potentialAction":[{"@type":"ReadAction","target":["https:\/\/gamaartisancouteau.com\/index.php\/qui-sommes-nous-couple-fabricant-artisan-vaucluse\/"]}]},{"@type":"ImageObject","inLanguage":"fr-FR","@id":"https:\/\/gamaartisancouteau.com\/index.php\/qui-sommes-nous-couple-fabricant-artisan-vaucluse\/#primaryimage","url":"http:\/\/gamaartisancouteau.com\/wp-content\/uploads\/2024\/03\/Atelier-pour-site--225x300.jpg","contentUrl":"http:\/\/gamaartisancouteau.com\/wp-content\/uploads\/2024\/03\/Atelier-pour-site--225x300.jpg"},{"@type":"BreadcrumbList","@id":"https:\/\/gamaartisancouteau.com\/index.php\/qui-sommes-nous-couple-fabricant-artisan-vaucluse\/#breadcrumb","itemListElement":[{"@type":"ListItem","position":1,"name":"Accueil","item":"https:\/\/gamaartisancouteau.com\/"},{"@type":"ListItem","position":2,"name":"Qui sommes nous ?"}]},{"@type":"WebSite","@id":"https:\/\/gamaartisancouteau.com\/#website","url":"https:\/\/gamaartisancouteau.com\/","name":"Gama Couteaux artisanaux","description":"","publisher":{"@id":"https:\/\/gamaartisancouteau.com\/#organization"},"potentialAction":[{"@type":"SearchAction","target":{"@type":"EntryPoint","urlTemplate":"https:\/\/gamaartisancouteau.com\/?s={search_term_string}"},"query-input":{"@type":"PropertyValueSpecification","valueRequired":true,"valueName":"search_term_string"}}],"inLanguage":"fr-FR"},{"@type":"Organization","@id":"https:\/\/gamaartisancouteau.com\/#organization","name":"Gama Couteaux artisanaux","url":"https:\/\/gamaartisancouteau.com\/","logo":{"@type":"ImageObject","inLanguage":"fr-FR","@id":"https:\/\/gamaartisancouteau.com\/#\/schema\/logo\/image\/","url":"https:\/\/gamaartisancouteau.com\/wp-content\/uploads\/2023\/11\/cropped-cropped-logo-noir.jpg","contentUrl":"https:\/\/gamaartisancouteau.com\/wp-content\/uploads\/2023\/11\/cropped-cropped-logo-noir.jpg","width":106,"height":129,"caption":"Gama Couteaux artisanaux"},"image":{"@id":"https:\/\/gamaartisancouteau.com\/#\/schema\/logo\/image\/"},"sameAs":["https:\/\/www.facebook.com\/profile.php?id=100095020392073","https:\/\/www.instagram.com\/gama_deco84\/"]}]}},"_links":{"self":[{"href":"https:\/\/gamaartisancouteau.com\/index.php\/wp-json\/wp\/v2\/pages\/252"}],"collection":[{"href":"https:\/\/gamaartisancouteau.com\/index.php\/wp-json\/wp\/v2\/pages"}],"about":[{"href":"https:\/\/gamaartisancouteau.com\/index.php\/wp-json\/wp\/v2\/types\/page"}],"author":[{"embeddable":true,"href":"https:\/\/gamaartisancouteau.com\/index.php\/wp-json\/wp\/v2\/users\/1"}],"replies":[{"embeddable":true,"href":"https:\/\/gamaartisancouteau.com\/index.php\/wp-json\/wp\/v2\/comments?post=252"}],"version-history":[{"count":63,"href":"https:\/\/gamaartisancouteau.com\/index.php\/wp-json\/wp\/v2\/pages\/252\/revisions"}],"predecessor-version":[{"id":2746,"href":"https:\/\/gamaartisancouteau.com\/index.php\/wp-json\/wp\/v2\/pages\/252\/revisions\/2746"}],"wp:attachment":[{"href":"https:\/\/gamaartisancouteau.com\/index.php\/wp-json\/wp\/v2\/media?parent=252"}],"curies":[{"name":"wp","href":"https:\/\/api.w.org\/{rel}","templated":true}]}}